{"id":9,"date":"2015-09-29T10:03:45","date_gmt":"2015-09-29T09:03:45","guid":{"rendered":"http:\/\/missimi-berney.ch\/?p=9"},"modified":"2024-10-18T08:42:56","modified_gmt":"2024-10-18T07:42:56","slug":"machine-pour-lusinage-des-matieres-dures-et-extra-dures","status":"publish","type":"page","link":"https:\/\/www.missimi-berney.ch\/en\/machines\/machine-pour-lusinage-des-matieres-dures-et-extra-dures\/","title":{"rendered":"T40"},"content":{"rendered":"<p>Machine pour l\u2019usinage des mati\u00e8res dures et extra-dures<img loading=\"lazy\" decoding=\"async\" class=\"alignright\" src=\"http:\/\/www.missimi-berney.ch\/documents\/images\/T40v\" alt=\"\" width=\"73\" height=\"99\" \/><\/p>\n<p>Usinage des mati\u00e8res dures et extra-dures<\/p>\n<p>Par sciage, rainurage, rectification.<\/p>\n<p><!--more--><\/p>\n<p>Machine compacte avec poste op\u00e9rateur int\u00e9gr\u00e9 dans la protection,<br \/>\nStabilit\u00e9 exceptionnelle assur\u00e9e par un b\u00e2ti en granit,<br \/>\nFaible encombrement au sol.<\/p>\n<p><strong>Version standard : 3 axes<br \/>\n<\/strong><br \/>\nCourses<\/p>\n<p>Axe X = 160 mm<img loading=\"lazy\" decoding=\"async\" class=\"alignright\" src=\"http:\/\/www.missimi-berney.ch\/documents\/images\/T40v\" alt=\"\" width=\"227\" height=\"309\" \/><br \/>\nAxe Y = 270 mm<br \/>\nAxe Z = 150 mm<\/p>\n<p><strong>Broche<\/strong><br \/>\nSur roulements \u00e0 billes, \u00d8 60 mm,<br \/>\nVitesse de rotation variable, max.20000 Rpm,<br \/>\nPuissance : 2 KW<\/p>\n<p>R\u00e9solution : 1 micron.<br \/>\nPr\u00e9cision g\u00e9n\u00e9rale de positionnement inf\u00e9rieure \u00e0 +\/- 3 microns.<br \/>\nPoids du b\u00e2ti en granit = 140 Kg<\/p>\n<p><strong>Options diverses<\/strong><br \/>\nAxe rotatif A, r\u00e9solution 0.001\u00b0,<br \/>\nBroche sur palier \u00e0 air, moteur HF, vitesse variable jusqu\u2019\u00e0 40000 Rpm,<br \/>\nR\u00e9solution g\u00e9n\u00e9rale inf\u00e9rieure \u00e0 1 micron,<br \/>\nContr\u00f4le de l\u2019usinage par microscope ou cam\u00e9ra vid\u00e9o,<br \/>\nFixation des pi\u00e8ces avec outillage adapt\u00e9 :<br \/>\nBridage, collage, vaccum, magn\u00e9tisme, gel.<\/p>\n<p><strong>Version sp\u00e9ciale<\/strong><br \/>\nNous sommes \u00e0 votre disposition pour \u00e9tudier les sp\u00e9cificit\u00e9s de votre application.<\/p>\n<p>&nbsp;<\/p>\n<p><a href=\"http:\/\/www.missimi-berney.com\/documents\/T40_fr.pdf\"><u>Fiche Produit<br \/>\n<\/u><\/a><\/p>","protected":false},"excerpt":{"rendered":"<p>Sorry, this entry is only available in Fran\u00e7ais.<\/p>\n","protected":false},"author":1,"featured_media":0,"parent":1907,"menu_order":0,"comment_status":"closed","ping_status":"closed","template":"","meta":{"_acf_changed":false,"_seopress_robots_primary_cat":"","_seopress_titles_title":"","_seopress_titles_desc":"","_seopress_robots_index":"","footnotes":""},"class_list":["post-9","page","type-page","status-publish","hentry"],"acf":[],"yoast_head":"<!-- This site is optimized with the Yoast SEO plugin v15.6.2 - https:\/\/yoast.com\/wordpress\/plugins\/seo\/ -->\n<title>T40 - Missimi Berney<\/title>\n<meta name=\"robots\" content=\"index, follow, max-snippet:-1, max-image-preview:large, max-video-preview:-1\" \/>\n<link rel=\"canonical\" href=\"https:\/\/www.missimi-berney.ch\/machines\/machine-pour-lusinage-des-matieres-dures-et-extra-dures\/\" \/>\n<meta property=\"og:locale\" content=\"en_US\" \/>\n<meta property=\"og:type\" content=\"article\" \/>\n<meta property=\"og:title\" content=\"T40 - Missimi Berney\" \/>\n<meta property=\"og:description\" content=\"Sorry, this entry is only available in Fran\u00e7ais.\" \/>\n<meta property=\"og:url\" content=\"https:\/\/www.missimi-berney.ch\/machines\/machine-pour-lusinage-des-matieres-dures-et-extra-dures\/\" \/>\n<meta property=\"og:site_name\" content=\"Missimi Berney\" \/>\n<meta property=\"article:modified_time\" content=\"2024-10-18T07:42:56+00:00\" \/>\n<meta property=\"og:image\" content=\"http:\/\/www.missimi-berney.ch\/documents\/images\/T40v\" \/>\n<meta name=\"twitter:card\" content=\"summary_large_image\" \/>\n<meta name=\"twitter:label1\" content=\"Est. reading time\">\n\t<meta name=\"twitter:data1\" content=\"2 minutes\">\n<script type=\"application\/ld+json\" class=\"yoast-schema-graph\">{\"@context\":\"https:\/\/schema.org\",\"@graph\":[{\"@type\":\"WebSite\",\"@id\":\"https:\/\/www.missimi-berney.ch\/#website\",\"url\":\"https:\/\/www.missimi-berney.ch\/\",\"name\":\"Missimi Berney\",\"description\":\"Construction de machines sp\\u00e9ciales et m\\u00e9canique de pr\\u00e9cision\",\"potentialAction\":[{\"@type\":\"SearchAction\",\"target\":\"https:\/\/www.missimi-berney.ch\/?s={search_term_string}\",\"query-input\":\"required name=search_term_string\"}],\"inLanguage\":\"en-US\"},{\"@type\":\"ImageObject\",\"@id\":\"https:\/\/www.missimi-berney.ch\/machines\/machine-pour-lusinage-des-matieres-dures-et-extra-dures\/#primaryimage\",\"inLanguage\":\"en-US\",\"url\":\"http:\/\/www.missimi-berney.ch\/documents\/images\/T40v\"},{\"@type\":\"WebPage\",\"@id\":\"https:\/\/www.missimi-berney.ch\/machines\/machine-pour-lusinage-des-matieres-dures-et-extra-dures\/#webpage\",\"url\":\"https:\/\/www.missimi-berney.ch\/machines\/machine-pour-lusinage-des-matieres-dures-et-extra-dures\/\",\"name\":\"T40 - Missimi Berney\",\"isPartOf\":{\"@id\":\"https:\/\/www.missimi-berney.ch\/#website\"},\"primaryImageOfPage\":{\"@id\":\"https:\/\/www.missimi-berney.ch\/machines\/machine-pour-lusinage-des-matieres-dures-et-extra-dures\/#primaryimage\"},\"datePublished\":\"2015-09-29T09:03:45+00:00\",\"dateModified\":\"2024-10-18T07:42:56+00:00\",\"inLanguage\":\"en-US\",\"potentialAction\":[{\"@type\":\"ReadAction\",\"target\":[\"https:\/\/www.missimi-berney.ch\/machines\/machine-pour-lusinage-des-matieres-dures-et-extra-dures\/\"]}]}]}<\/script>\n<!-- \/ Yoast SEO plugin. -->","_links":{"self":[{"href":"https:\/\/www.missimi-berney.ch\/en\/wp-json\/wp\/v2\/pages\/9","targetHints":{"allow":["GET"]}}],"collection":[{"href":"https:\/\/www.missimi-berney.ch\/en\/wp-json\/wp\/v2\/pages"}],"about":[{"href":"https:\/\/www.missimi-berney.ch\/en\/wp-json\/wp\/v2\/types\/page"}],"author":[{"embeddable":true,"href":"https:\/\/www.missimi-berney.ch\/en\/wp-json\/wp\/v2\/users\/1"}],"replies":[{"embeddable":true,"href":"https:\/\/www.missimi-berney.ch\/en\/wp-json\/wp\/v2\/comments?post=9"}],"version-history":[{"count":11,"href":"https:\/\/www.missimi-berney.ch\/en\/wp-json\/wp\/v2\/pages\/9\/revisions"}],"predecessor-version":[{"id":6124,"href":"https:\/\/www.missimi-berney.ch\/en\/wp-json\/wp\/v2\/pages\/9\/revisions\/6124"}],"up":[{"embeddable":true,"href":"https:\/\/www.missimi-berney.ch\/en\/wp-json\/wp\/v2\/pages\/1907"}],"wp:attachment":[{"href":"https:\/\/www.missimi-berney.ch\/en\/wp-json\/wp\/v2\/media?parent=9"}],"curies":[{"name":"wp","href":"https:\/\/api.w.org\/{rel}","templated":true}]}}