{"id":2489,"date":"2017-03-20T11:07:16","date_gmt":"2017-03-20T10:07:16","guid":{"rendered":"http:\/\/www.missimi-berney.ch\/?p=2489"},"modified":"2024-10-18T08:42:36","modified_gmt":"2024-10-18T07:42:36","slug":"pep","status":"publish","type":"page","link":"https:\/\/www.missimi-berney.ch\/en\/machines\/pep\/","title":{"rendered":"PEP &#8211; Presse Double Electro-pneumatique"},"content":{"rendered":"<p><\/p>\n<h6>Machine con\u00e7ue sp\u00e9cialement pour le collage<img loading=\"lazy\" decoding=\"async\" class=\" wp-image-2490 alignright\" src=\"http:\/\/www.missimi-berney.ch\/wp-content\/uploads\/2017\/03\/Image-PEP-300x228.png\" alt=\"\" width=\"387\" height=\"294\" srcset=\"https:\/\/www.missimi-berney.ch\/wp-content\/uploads\/2017\/03\/Image-PEP-300x228.png 300w, https:\/\/www.missimi-berney.ch\/wp-content\/uploads\/2017\/03\/Image-PEP.png 644w\" sizes=\"auto, (max-width: 387px) 100vw, 387px\" \/><\/h6>\n<p><!--more--><\/p>\n<p>Dimensions de la machine sans \u00e9tabli et armoire \u00e9lectrique \u00a0: L : 700mm, l : 320mm, H : 530mm<\/p>\n<p>Poids : 180Kg<\/p>\n<p>&nbsp;<\/p>\n<p><strong>Description g\u00e9n\u00e9rale<br \/>\n<\/strong><\/p>\n<ul>\n<li>S\u00e9curit\u00e9 barri\u00e8re immat\u00e9rielle<\/li>\n<li>Interface utilisateur sur \u00e9cran tactile<\/li>\n<li>Deux postes de travail ind\u00e9pendant avec cycle diff\u00e9r\u00e9, pour augmenter consid\u00e9rablement la production<\/li>\n<li>Travail en pression ou aspiration<\/li>\n<li>R\u00e9glage des pressions, ainsi que du temps de pression sur chaque t\u00eate<\/li>\n<li>Radiateur pour refroidissement<\/li>\n<li>Syst\u00e8me de rotule pour un pressage plat<\/li>\n<\/ul>\n<p>&nbsp;<\/p>\n<p><strong>Accessoire<\/strong><\/p>\n<ul>\n<li>CT2 \u2013 Unit\u00e9 frigorifique<\/li>\n<\/ul>\n<p>&nbsp;<\/p>\n<p><a href=\"http:\/\/www.missimi-berney.ch\/wp-content\/uploads\/2017\/03\/PEP_fr_20.09.18.pdf\" target=\"_blank\" rel=\"noopener\"><u><span style=\"color: #0066cc;\">En savoir plus&#8230;<\/span><\/u><\/a><\/p>\n<p>&nbsp;<\/p>\n<p><img loading=\"lazy\" decoding=\"async\" class=\"wp-image-2493 aligncenter\" src=\"http:\/\/www.missimi-berney.ch\/wp-content\/uploads\/2017\/03\/Zoom-PEP.1-300x122.png\" alt=\"\" width=\"405\" height=\"165\" srcset=\"https:\/\/www.missimi-berney.ch\/wp-content\/uploads\/2017\/03\/Zoom-PEP.1-300x122.png 300w, https:\/\/www.missimi-berney.ch\/wp-content\/uploads\/2017\/03\/Zoom-PEP.1.png 534w\" sizes=\"auto, (max-width: 405px) 100vw, 405px\" \/><\/p>","protected":false},"excerpt":{"rendered":"<p>Sorry, this entry is only available in Fran\u00e7ais.<\/p>\n","protected":false},"author":2,"featured_media":0,"parent":1907,"menu_order":0,"comment_status":"closed","ping_status":"closed","template":"","meta":{"_acf_changed":false,"_seopress_robots_primary_cat":"","_seopress_titles_title":"","_seopress_titles_desc":"","_seopress_robots_index":"","footnotes":""},"class_list":["post-2489","page","type-page","status-publish","hentry"],"acf":[],"yoast_head":"<!-- This site is optimized with the Yoast SEO plugin v15.6.2 - https:\/\/yoast.com\/wordpress\/plugins\/seo\/ -->\n<title>PEP - Presse Double Electro-pneumatique - Missimi Berney<\/title>\n<meta name=\"robots\" content=\"index, follow, max-snippet:-1, max-image-preview:large, max-video-preview:-1\" \/>\n<link rel=\"canonical\" href=\"https:\/\/www.missimi-berney.ch\/machines\/pep\/\" \/>\n<meta property=\"og:locale\" content=\"en_US\" \/>\n<meta property=\"og:type\" content=\"article\" \/>\n<meta property=\"og:title\" content=\"PEP - Presse Double Electro-pneumatique - Missimi Berney\" \/>\n<meta property=\"og:description\" content=\"Sorry, this entry is only available in Fran\u00e7ais.\" \/>\n<meta property=\"og:url\" content=\"https:\/\/www.missimi-berney.ch\/machines\/pep\/\" \/>\n<meta property=\"og:site_name\" content=\"Missimi Berney\" \/>\n<meta property=\"article:modified_time\" content=\"2024-10-18T07:42:36+00:00\" \/>\n<meta property=\"og:image\" content=\"http:\/\/www.missimi-berney.ch\/wp-content\/uploads\/2017\/03\/Image-PEP-300x228.png\" \/>\n<meta name=\"twitter:card\" content=\"summary_large_image\" \/>\n<meta name=\"twitter:label1\" content=\"Est. reading time\">\n\t<meta name=\"twitter:data1\" content=\"1 minute\">\n<script type=\"application\/ld+json\" class=\"yoast-schema-graph\">{\"@context\":\"https:\/\/schema.org\",\"@graph\":[{\"@type\":\"WebSite\",\"@id\":\"https:\/\/www.missimi-berney.ch\/#website\",\"url\":\"https:\/\/www.missimi-berney.ch\/\",\"name\":\"Missimi Berney\",\"description\":\"Construction de machines sp\\u00e9ciales et m\\u00e9canique de pr\\u00e9cision\",\"potentialAction\":[{\"@type\":\"SearchAction\",\"target\":\"https:\/\/www.missimi-berney.ch\/?s={search_term_string}\",\"query-input\":\"required name=search_term_string\"}],\"inLanguage\":\"en-US\"},{\"@type\":\"ImageObject\",\"@id\":\"https:\/\/www.missimi-berney.ch\/machines\/pep\/#primaryimage\",\"inLanguage\":\"en-US\",\"url\":\"http:\/\/www.missimi-berney.ch\/wp-content\/uploads\/2017\/03\/Image-PEP-300x228.png\"},{\"@type\":\"WebPage\",\"@id\":\"https:\/\/www.missimi-berney.ch\/machines\/pep\/#webpage\",\"url\":\"https:\/\/www.missimi-berney.ch\/machines\/pep\/\",\"name\":\"PEP - Presse Double Electro-pneumatique - Missimi Berney\",\"isPartOf\":{\"@id\":\"https:\/\/www.missimi-berney.ch\/#website\"},\"primaryImageOfPage\":{\"@id\":\"https:\/\/www.missimi-berney.ch\/machines\/pep\/#primaryimage\"},\"datePublished\":\"2017-03-20T10:07:16+00:00\",\"dateModified\":\"2024-10-18T07:42:36+00:00\",\"inLanguage\":\"en-US\",\"potentialAction\":[{\"@type\":\"ReadAction\",\"target\":[\"https:\/\/www.missimi-berney.ch\/machines\/pep\/\"]}]}]}<\/script>\n<!-- \/ Yoast SEO plugin. -->","_links":{"self":[{"href":"https:\/\/www.missimi-berney.ch\/en\/wp-json\/wp\/v2\/pages\/2489","targetHints":{"allow":["GET"]}}],"collection":[{"href":"https:\/\/www.missimi-berney.ch\/en\/wp-json\/wp\/v2\/pages"}],"about":[{"href":"https:\/\/www.missimi-berney.ch\/en\/wp-json\/wp\/v2\/types\/page"}],"author":[{"embeddable":true,"href":"https:\/\/www.missimi-berney.ch\/en\/wp-json\/wp\/v2\/users\/2"}],"replies":[{"embeddable":true,"href":"https:\/\/www.missimi-berney.ch\/en\/wp-json\/wp\/v2\/comments?post=2489"}],"version-history":[{"count":11,"href":"https:\/\/www.missimi-berney.ch\/en\/wp-json\/wp\/v2\/pages\/2489\/revisions"}],"predecessor-version":[{"id":6123,"href":"https:\/\/www.missimi-berney.ch\/en\/wp-json\/wp\/v2\/pages\/2489\/revisions\/6123"}],"up":[{"embeddable":true,"href":"https:\/\/www.missimi-berney.ch\/en\/wp-json\/wp\/v2\/pages\/1907"}],"wp:attachment":[{"href":"https:\/\/www.missimi-berney.ch\/en\/wp-json\/wp\/v2\/media?parent=2489"}],"curies":[{"name":"wp","href":"https:\/\/api.w.org\/{rel}","templated":true}]}}