{"id":19,"date":"2015-09-29T10:06:24","date_gmt":"2015-09-29T09:06:24","guid":{"rendered":"http:\/\/missimi-berney.ch\/?p=19"},"modified":"2024-10-18T08:42:15","modified_gmt":"2024-10-18T07:42:15","slug":"bp6e-2","status":"publish","type":"page","link":"https:\/\/www.missimi-berney.ch\/en\/machines\/bp6e-2\/","title":{"rendered":"BP6E &#8211; Polisseuse d&#8217;\u00e9tabli"},"content":{"rendered":"<p><\/p>\n<h6><strong>Machine de haute pr\u00e9cision pour la rectification et le polissage de surfaces planes sur meule plate, ainsi que pour le feutrage<br \/>\n<\/strong><\/h6>\n<p>Compax, corindon, quartz, c\u00e9ramique, silicium, ferrite, m\u00e9tal dur, alnico, stellit, aciers sp\u00e9ciaux, pierres naturelles, tous m\u00e9taux<img loading=\"lazy\" decoding=\"async\" class=\" wp-image-2551 alignright\" src=\"http:\/\/www.missimi-berney.ch\/wp-content\/uploads\/2017\/03\/image-BP6E-294x300.png\" alt=\"\" width=\"357\" height=\"364\" srcset=\"https:\/\/www.missimi-berney.ch\/wp-content\/uploads\/2017\/03\/image-BP6E-294x300.png 294w, https:\/\/www.missimi-berney.ch\/wp-content\/uploads\/2017\/03\/image-BP6E.png 714w\" sizes=\"auto, (max-width: 357px) 100vw, 357px\" \/><\/p>\n<p><!--more--><\/p>\n<p>&nbsp;<\/p>\n<p>Dimensions de la machine : L : 670mm, l : 800 mm, H : 720mm<\/p>\n<p>Poids : 280Kg<\/p>\n<p>&nbsp;<\/p>\n<p><strong>Description g\u00e9n\u00e9rale<br \/>\n<\/strong><\/p>\n<ul>\n<li>Construction rigide<\/li>\n<li>Travail en polissage, feutrage<\/li>\n<li>Une\u00a0t\u00eates de travail avec pointe, pour l\u2019entra\u00eenement des plaques de travail<\/li>\n<li>Plateau porte-meule<\/li>\n<li>R\u00e9glage des param\u00e8tres (vitesses, pression, sens, \u2026)<\/li>\n<li>Syst\u00e8me de rectification int\u00e9gr\u00e9, avec vitesse r\u00e9glable<\/li>\n<\/ul>\n<p>&nbsp;<\/p>\n<p><a href=\"http:\/\/www.missimi-berney.ch\/wp-content\/uploads\/2017\/03\/BP6E_fr_20.09.18.pdf\" target=\"_blank\" rel=\"noopener\"><u><span style=\"color: #0066cc;\">En savoir plus&#8230;<\/span><\/u><\/a><\/p>\n<p>&nbsp;<\/p>\n<p><img loading=\"lazy\" decoding=\"async\" class=\"size-medium wp-image-2628 aligncenter\" src=\"http:\/\/www.missimi-berney.ch\/wp-content\/uploads\/2017\/03\/Zoom-BP6E-249x300.png\" alt=\"\" width=\"249\" height=\"300\" srcset=\"https:\/\/www.missimi-berney.ch\/wp-content\/uploads\/2017\/03\/Zoom-BP6E-249x300.png 249w, https:\/\/www.missimi-berney.ch\/wp-content\/uploads\/2017\/03\/Zoom-BP6E.png 637w\" sizes=\"auto, (max-width: 249px) 100vw, 249px\" \/><\/p>","protected":false},"excerpt":{"rendered":"<p>Sorry, this entry is only available in Fran\u00e7ais.<\/p>\n","protected":false},"author":1,"featured_media":0,"parent":1907,"menu_order":0,"comment_status":"closed","ping_status":"closed","template":"","meta":{"_acf_changed":false,"_seopress_robots_primary_cat":"","_seopress_titles_title":"","_seopress_titles_desc":"","_seopress_robots_index":"","_seopress_analysis_target_kw":"","footnotes":""},"class_list":["post-19","page","type-page","status-publish","hentry"],"acf":[],"yoast_head":"<!-- This site is optimized with the Yoast SEO plugin v15.6.2 - https:\/\/yoast.com\/wordpress\/plugins\/seo\/ -->\n<title>BP6E - Polisseuse d&#039;\u00e9tabli - Missimi Berney<\/title>\n<meta name=\"robots\" content=\"index, follow, max-snippet:-1, max-image-preview:large, max-video-preview:-1\" \/>\n<link rel=\"canonical\" href=\"https:\/\/www.missimi-berney.ch\/machines\/bp6e-2\/\" \/>\n<meta property=\"og:locale\" content=\"en_US\" \/>\n<meta property=\"og:type\" content=\"article\" \/>\n<meta property=\"og:title\" content=\"BP6E - Polisseuse d&#039;\u00e9tabli - Missimi Berney\" \/>\n<meta property=\"og:description\" content=\"Sorry, this entry is only available in Fran\u00e7ais.\" \/>\n<meta property=\"og:url\" content=\"https:\/\/www.missimi-berney.ch\/machines\/bp6e-2\/\" \/>\n<meta property=\"og:site_name\" content=\"Missimi Berney\" \/>\n<meta property=\"article:modified_time\" content=\"2024-10-18T07:42:15+00:00\" \/>\n<meta property=\"og:image\" content=\"http:\/\/www.missimi-berney.ch\/wp-content\/uploads\/2017\/03\/image-BP6E-294x300.png\" \/>\n<meta name=\"twitter:card\" content=\"summary_large_image\" \/>\n<meta name=\"twitter:label1\" content=\"Est. reading time\">\n\t<meta name=\"twitter:data1\" content=\"1 minute\">\n<script type=\"application\/ld+json\" class=\"yoast-schema-graph\">{\"@context\":\"https:\/\/schema.org\",\"@graph\":[{\"@type\":\"WebSite\",\"@id\":\"https:\/\/www.missimi-berney.ch\/#website\",\"url\":\"https:\/\/www.missimi-berney.ch\/\",\"name\":\"Missimi Berney\",\"description\":\"Construction de machines sp\\u00e9ciales et m\\u00e9canique de pr\\u00e9cision\",\"potentialAction\":[{\"@type\":\"SearchAction\",\"target\":\"https:\/\/www.missimi-berney.ch\/?s={search_term_string}\",\"query-input\":\"required name=search_term_string\"}],\"inLanguage\":\"en-US\"},{\"@type\":\"ImageObject\",\"@id\":\"https:\/\/www.missimi-berney.ch\/machines\/bp6e-2\/#primaryimage\",\"inLanguage\":\"en-US\",\"url\":\"http:\/\/www.missimi-berney.ch\/wp-content\/uploads\/2017\/03\/image-BP6E-294x300.png\"},{\"@type\":\"WebPage\",\"@id\":\"https:\/\/www.missimi-berney.ch\/machines\/bp6e-2\/#webpage\",\"url\":\"https:\/\/www.missimi-berney.ch\/machines\/bp6e-2\/\",\"name\":\"BP6E - Polisseuse d'\\u00e9tabli - Missimi Berney\",\"isPartOf\":{\"@id\":\"https:\/\/www.missimi-berney.ch\/#website\"},\"primaryImageOfPage\":{\"@id\":\"https:\/\/www.missimi-berney.ch\/machines\/bp6e-2\/#primaryimage\"},\"datePublished\":\"2015-09-29T09:06:24+00:00\",\"dateModified\":\"2024-10-18T07:42:15+00:00\",\"inLanguage\":\"en-US\",\"potentialAction\":[{\"@type\":\"ReadAction\",\"target\":[\"https:\/\/www.missimi-berney.ch\/machines\/bp6e-2\/\"]}]}]}<\/script>\n<!-- \/ Yoast SEO plugin. -->","_links":{"self":[{"href":"https:\/\/www.missimi-berney.ch\/en\/wp-json\/wp\/v2\/pages\/19","targetHints":{"allow":["GET"]}}],"collection":[{"href":"https:\/\/www.missimi-berney.ch\/en\/wp-json\/wp\/v2\/pages"}],"about":[{"href":"https:\/\/www.missimi-berney.ch\/en\/wp-json\/wp\/v2\/types\/page"}],"author":[{"embeddable":true,"href":"https:\/\/www.missimi-berney.ch\/en\/wp-json\/wp\/v2\/users\/1"}],"replies":[{"embeddable":true,"href":"https:\/\/www.missimi-berney.ch\/en\/wp-json\/wp\/v2\/comments?post=19"}],"version-history":[{"count":19,"href":"https:\/\/www.missimi-berney.ch\/en\/wp-json\/wp\/v2\/pages\/19\/revisions"}],"predecessor-version":[{"id":6122,"href":"https:\/\/www.missimi-berney.ch\/en\/wp-json\/wp\/v2\/pages\/19\/revisions\/6122"}],"up":[{"embeddable":true,"href":"https:\/\/www.missimi-berney.ch\/en\/wp-json\/wp\/v2\/pages\/1907"}],"wp:attachment":[{"href":"https:\/\/www.missimi-berney.ch\/en\/wp-json\/wp\/v2\/media?parent=19"}],"curies":[{"name":"wp","href":"https:\/\/api.w.org\/{rel}","templated":true}]}}