{"id":1860,"date":"2016-05-17T14:16:16","date_gmt":"2016-05-17T13:16:16","guid":{"rendered":"http:\/\/www.missimi-berney.ch\/?page_id=1860"},"modified":"2016-05-17T14:37:35","modified_gmt":"2016-05-17T13:37:35","slug":"expositions-2","status":"publish","type":"page","link":"https:\/\/www.missimi-berney.ch\/en\/expositions-2\/","title":{"rendered":"Expositions"},"content":{"rendered":"<p>[vc_row][vc_column][vc_separator][vc_column_text]EPHJ 2016<\/p>\n<p>Nous serons pr\u00e9sent \u00e0 l&#8217;EPHJ du 14 au 17 juin 2016.[\/vc_column_text][vc_separator][vc_column_text]EPHJ 2015<\/p>\n<p><b>Missimi-Berney S\u00e0rl\u00a0\u00e9tait pr\u00e9sent au\u00a0<\/b><strong>Salon international\u00a0<\/strong><strong>Environnement Professionnel Horlogerie \u2013 Joaillerie\u00a0<\/strong><strong>du 2 au 5 juin 2015<\/strong>[\/vc_column_text][vc_separator][vc_column_text]EPHJ 2009<\/p>\n<p><b>Missimi-Berney S\u00e0rl\u00a0\u00e9tait pr\u00e9sent au\u00a0<\/b><strong>Salon international\u00a0<\/strong><strong>Environnement Professionnel Horlogerie \u2013 Joaillerie\u00a0<\/strong><strong>du 12 au 15 mai 2009<\/strong>[\/vc_column_text][\/vc_column][vc_column][\/vc_column][vc_column][\/vc_column][\/vc_row][vc_row][vc_column][vc_separator][vc_column_text]SIAMS 2008<\/p>\n<p><strong>Missimi-Berney S\u00e0rl\u00a0\u00e9tait pr\u00e9sent au salon industriel SIAMS<\/strong><\/p>\n<p><strong>du 20 au 24 mai 2008<\/strong><!--more--><\/p>\n<p><span id=\"more-33\"><\/span><img alt=\"\" width=\"220\" height=\"293\" border=\"0\" \/><img alt=\"\" height=\"293\" border=\"0\" \/><img alt=\"\" width=\"220\" height=\"293\" border=\"0\" \/><\/p>\n<p><strong>11\u00e8me Salon des Industries de l\u2019automation, de la machine-outils et de la sous-traitance.<\/strong><\/p>\n<div id=\"content\">\n<h1>Philosophie du salon<\/h1>\n<p>Le SIAMS est le point de rencontre de toutes les industries des microtechniques. Il r\u00e9unit sous un m\u00eame toit clients et fournisseurs, sp\u00e9cialistes de la fabrication de produits de haute qualit\u00e9, \u00e0 la pointe du progr\u00e8s. Vitrine incontournable des industries de la pr\u00e9cision, le SIAMS est un \u00e9v\u00e9nement \u00e0 ne pas manquer.<\/p>\n<p>Toutes les industries sont concern\u00e9es par la large palette de produits expos\u00e9s au SIAMS. Ces produits se r\u00e9partissent en deux grandes cat\u00e9gories :<\/p>\n<p><strong>produits d\u2019investissement<\/strong> (machines-outils, outils, moyens d\u2019assemblage, de traitements de surface, automatisation, etc\u2026)<\/p>\n<p><strong>produits \/ savoir-faire relevant du domaine de la sous-traitance<\/strong>, en particulier le d\u00e9colletage, l\u2019usinage, l\u2019assemblage\u2026<\/p>\n<p>Le visiteur peut ainsi faire le choix, soit de l\u2019investissement, soit du recours \u00e0 la sous-traitance.<\/p>\n<p><strong>Ce choix permet aux industriels de construire leur strat\u00e9gie industrielle d\u2019une mani\u00e8re optimale.<\/strong><\/p>\n<p><strong>Acc\u00e9der au SIAMS:<\/strong><\/p>\n<p><strong>Pour plus d\u2019informations: <a href=\"http:\/\/www.siams.ch\/\"><u>www.siams.ch<\/u><\/a><\/strong><\/p>\n<\/div>\n<p>[\/vc_column_text][vc_separator][vc_column_text]EPHJ 2008<\/p>\n<p><b>Missimi-Berney S\u00e0rl \u00e9tait pr\u00e9sent au<br \/>\n<\/b><strong>Salon international\u00a0<\/strong><strong>Environnement Professionnel Horlogerie \u2013 Joaillerie<\/strong><!--more--><\/p>\n<p><strong>Communiqu\u00e9 de presse du 6 juin 2008<\/strong><span id=\"more-37\"><\/span><\/p>\n<p>Franc succ\u00e8s pour la grande manifestation professionnelle EPHJ-EPMT consacr\u00e9e \u00e0 l\u2019environnement professionnel de l\u2019horlogerie et des microtechnologies<\/p>\n<p>Depuis le 3 juin, l\u2019environnement professionnel des microtechnologies (EPMT) et l\u2019horlogerie, joaillerie (EPHJ) sont \u00e0 l\u2019honneur \u00e0 Beaulieu Lausanne. Au moment de la cl\u00f4ture, ce salon international annuel est en passe de devenir le plus important de Suisse, de par le nombre et la nature des exposants qu\u2019il rassemble. La manifestation aura drain\u00e9 sur quatre jours plus de 10\u2019200 visiteurs, soit une augmentation de 27.5% par rapport \u00e0 2007, ceci aussi bien pour EPHJ que EPMT.<\/p>\n<p>La force d\u2019EPHJ et d\u2019EPMT r\u00e9side dans leur parfaite compl\u00e9mentarit\u00e9. Tous deux re\u00e7oivent un public de d\u00e9cideurs sp\u00e9cialis\u00e9s dans des domaines pointus ; le premier dans l\u2019horlogerie et la joaillerie, le second dans la biotechnologie, m\u00e9trologie, photonique ou robotique, entre autres. Ils offrent une occasion unique aux artisans, aux grandes firmes, ainsi qu\u2019aux milieux acad\u00e9miques et industriels de d\u00e9couvrir des solutions adapt\u00e9es et d\u2019\u00e9changer leur savoir-faire.<\/p>\n<p>EPMT s\u2019est associ\u00e9 \u00e0 l\u2019EPFL pour proposer une s\u00e9rie de conf\u00e9rences sur le th\u00e8me de l\u2019optique dans le domaine biom\u00e9dical et industriel, en compl\u00e9ment de l\u2019offre commerciale qu\u2019il pr\u00e9sente.<\/p>\n<p>Parmi les 470 exposants pr\u00e9sents, 23% viennent de l\u2019\u00e9tranger : preuve que la Suisse, dans les domaines industriels et scientifiques, affiche une comp\u00e9titivit\u00e9 remarquable et constitue une plate-forme d\u2019affaires extr\u00eamement porteuse.<\/p>\n<p>La prochaine \u00e9dition d\u2019EPHJ \u2013 EPMT se tiendra du 12 au 15 mai 2009 \u00e0 Beaulieu Lausanne.<\/p>\n<p>Pour plus d\u2019informations: <a href=\"http:\/\/www..ephj.ch\/\"><u>www.ephj.ch<\/u><\/a><\/p>\n<p>&nbsp;<\/p>\n<p align=\"center\"><strong>Environnement Professionnel Horlogerie \u2013 Joaillerie<\/strong><\/p>\n<p align=\"center\"><strong>du 3 au 6 juin 2008<\/strong><\/p>\n<p align=\"center\">Franc succ\u00e8s pour l\u2019\u00e9dition 2008 d\u2019EPHJ<\/p>\n<p align=\"center\">Le salon de l\u2019Environnement Professionnel Horlogerie-Joaillerie \u00e0 Beaulieu Lausanne a accueilli 360 exposants, dont 70 d\u2019origine \u00e9trang\u00e8re. Conjointement au salon EPMT (microtechnologies), il a \u00e9t\u00e9 fr\u00e9quent\u00e9 par pr\u00e8s de 10\u2019200 visiteurs.<\/p>\n<p align=\"center\">Les organisateurs pr\u00e9parent d\u00e9j\u00e0 activement la prochaine \u00e9dition et vous invitent \u00e0 r\u00e9server les dates du 12 au 15 mai 2009.<\/p>\n<p>[\/vc_column_text][vc_column_text]<\/p>\n<h2><img loading=\"lazy\" decoding=\"async\" class=\"size-medium wp-image-1555 alignleft\" src=\"http:\/\/www.missimi-berney.ch\/wp-content\/uploads\/2016\/05\/2007ephj-101x300.jpg\" alt=\"2007ephj\" width=\"101\" height=\"300\" \/>EPHJ 2007<\/h2>\n<p><b>Missimi-Berney S\u00e0rl \u00e9tait pr\u00e9sent au\u00a0salon de l\u2019Environnement Professionnel Horlogerie-Joaillerie \u00e0 Beaulieu,\u00a0<strong>du 5 au 8 juin 2007<\/strong><\/b><\/p>\n<p><!--more--><\/p>\n<p><strong>u\u2019est-ce que EPHJ ?<\/strong><\/p>\n<p>L\u2019horlogerie et la joaillerie sont en recherche permanente de nouveaux produits devant r\u00e9pondre<br \/>\net satisfaire aux exigences de notre soci\u00e9t\u00e9 moderne.<\/p>\n<p>Dans ce but, un salon international annuel, con\u00e7u par et pour des professionnels, r\u00e9unit annuellement depuis 2002, sous un m\u00eame toit l\u2019ensemble des professions qui participent \u00e0 l\u2019\u00e9laboration des montres et des bijoux et qui constituent ainsi:<\/p>\n<p>l\u2019Environnement Professionnel de l\u2019Horlogerie \u2013 Joaillerie.<\/p>\n<p><strong>A qui s\u2019adresse EPHJ ?<\/strong><br \/>\n<em><strong><br \/>\n\u2013 Exposants:<\/strong><\/em><\/p>\n<p>EPHJ rassemble toute la profession internationale repr\u00e9sent\u00e9e par les m\u00e9tiers et entreprises en amont et en aval du produit fini:<\/p>\n<table border=\"0\">\n<tbody>\n<tr>\n<td>\u2013 Formation<\/td>\n<td>\u2013 Fabrication<\/td>\n<td>\u2013 Gestion<\/td>\n<\/tr>\n<tr>\n<td>\u2013 Cr\u00e9ation<\/td>\n<td>\u2013 Microtechniques<\/td>\n<td>\u2013 Commercialisation<\/td>\n<\/tr>\n<tr>\n<td>\u2013 Design, CAO<\/td>\n<td>\u2013 Appareils de contr\u00f4le<\/td>\n<td>\u2013 Communication<\/td>\n<\/tr>\n<tr>\n<td>\u2013 Mati\u00e8res premi\u00e8res<\/td>\n<td>\u2013 Composants<\/td>\n<td>\u2013 Conseils, Services<\/td>\n<\/tr>\n<tr>\n<td>\u2013 Machines<\/td>\n<td>\u2013 Packaging<\/td>\n<td>\u2013 \u2026<\/td>\n<\/tr>\n<tr>\n<td>\u2013 Outillages<\/td>\n<td>\u2013 Pr\u00e9sentoirs<\/td>\n<td><\/td>\n<\/tr>\n<\/tbody>\n<\/table>\n<p><em><strong>\u2013 Visiteurs:<\/strong><\/em><\/p>\n<p>Ils sont repr\u00e9sent\u00e9s par l\u2019ensemble des professionnels et clients internationaux qui pour l\u2019\u00e9laboration,<br \/>\nla fabrication ou la mise en valeur de leurs produits viennent rechercher des solutions nouvelles aupr\u00e8s<br \/>\nde cet ensemble de sp\u00e9cialistes.<\/p>\n<p>&nbsp;<\/p>\n<p><strong>Quand se tient EPHJ ?<\/strong><\/p>\n<p>EPHJ vous accueille chaque ann\u00e9e fin mai d\u00e9but juin, p\u00e9riode charni\u00e8re de l\u2019ann\u00e9e professionnelle permettant<br \/>\naux exposants et aux visiteurs:<\/p>\n<p>\u2013 d\u2019avoir la disponibilit\u00e9 n\u00e9cessaire<br \/>\n\u2013 de mesurer et analyser les besoins<br \/>\n\u2013 d\u2019appr\u00e9cier les nouveaut\u00e9s<br \/>\n\u2013 d\u2019\u00e9laborer leurs projets d\u2019avenir<br \/>\n<strong>O\u00f9 a lieu EPHJ ?<\/strong><\/p>\n<p>EPHJ a choisi Lausanne, au coeur de l\u2019Europe, en Suisse francophone reconnue comme le berceau de l\u2019horlogerie mondiale. Cet \u00e9v\u00e9nement est organis\u00e9 \u00e0 Beaulieu Lausanne et b\u00e9n\u00e9ficie de son infrastructure, son organisation et son exp\u00e9rience en tant que centre international de congr\u00e8s et d\u2019expositions.<\/p>\n<p>De plus, pour EPHJ, Lausanne offre de nombreux atouts:<\/p>\n<p>\u2013 Infrastructures h\u00f4teli\u00e8res de grande capacit\u00e9<br \/>\n\u2013 Tr\u00e8s grande facilit\u00e9 d\u2019acc\u00e8s: r\u00e9seau autoroutier, train et TGV, a\u00e9roport de Gen\u00e8ve (35\u2032)<br \/>\n\u2013 Facilit\u00e9 de parking<br \/>\n\u2013 Attitude accueillante de l\u2019\u00e9conomie et des autorit\u00e9s locales<br \/>\n\u2013 Attrait touristique et charme de la ville et du lac<br \/>\n\u2013 Rayonnement international de Lausanne, capitale olympique<\/p>\n<p>EPHJ a trouv\u00e9 en Beaulieu Lausanne une capacit\u00e9 d\u2019accueil offrant \u00e0 ses exposants et visiteurs un nouvel espace de travail, capable de r\u00e9pondre au fil des ann\u00e9es au d\u00e9veloppement croissant de l\u2019Environnement Professionnel de l\u2019H<br \/>\norlogerie \u2013 Joaillerie.[\/vc_column_text][\/vc_column][\/vc_row]<\/p>\n","protected":false},"excerpt":{"rendered":"<p>[vc_row][vc_column][vc_separator][vc_column_text]EPHJ 2016 Nous serons pr\u00e9sent \u00e0 l&#8217;EPHJ du 14 au 17 juin 2016.[\/vc_column_text][vc_separator][vc_column_text]EPHJ 2015 Missimi-Berney S\u00e0rl\u00a0\u00e9tait pr\u00e9sent au\u00a0Salon international\u00a0Environnement Professionnel Horlogerie \u2013 Joaillerie\u00a0du 2 au 5 juin 2015[\/vc_column_text][vc_separator][vc_column_text]EPHJ 2009 Missimi-Berney S\u00e0rl\u00a0\u00e9tait pr\u00e9sent au\u00a0Salon international\u00a0Environnement Professionnel Horlogerie \u2013 Joaillerie\u00a0du 12 au 15 mai 2009[\/vc_column_text][\/vc_column][vc_column][\/vc_column][vc_column][\/vc_column][\/vc_row][vc_row][vc_column][vc_separator][vc_column_text]SIAMS 2008 Missimi-Berney S\u00e0rl\u00a0\u00e9tait pr\u00e9sent au salon industriel SIAMS du 20 au 24 [&hellip;]<\/p>\n","protected":false},"author":1,"featured_media":0,"parent":0,"menu_order":0,"comment_status":"closed","ping_status":"closed","template":"","meta":{"_acf_changed":false,"_seopress_robots_primary_cat":"","_seopress_titles_title":"","_seopress_titles_desc":"","_seopress_robots_index":"","footnotes":""},"class_list":["post-1860","page","type-page","status-publish","hentry"],"acf":[],"yoast_head":"<!-- This site is optimized with the Yoast SEO plugin v15.6.2 - https:\/\/yoast.com\/wordpress\/plugins\/seo\/ -->\n<title>Expositions - Missimi Berney<\/title>\n<meta name=\"robots\" content=\"index, follow, max-snippet:-1, max-image-preview:large, max-video-preview:-1\" \/>\n<link rel=\"canonical\" href=\"https:\/\/www.missimi-berney.ch\/expositions-2\/\" \/>\n<meta property=\"og:locale\" content=\"en_US\" \/>\n<meta property=\"og:type\" content=\"article\" \/>\n<meta property=\"og:title\" content=\"Expositions - Missimi Berney\" \/>\n<meta property=\"og:description\" content=\"[vc_row][vc_column][vc_separator][vc_column_text]EPHJ 2016 Nous serons pr\u00e9sent \u00e0 l&#8217;EPHJ du 14 au 17 juin 2016.[\/vc_column_text][vc_separator][vc_column_text]EPHJ 2015 Missimi-Berney S\u00e0rl\u00a0\u00e9tait pr\u00e9sent au\u00a0Salon international\u00a0Environnement Professionnel Horlogerie \u2013 Joaillerie\u00a0du 2 au 5 juin 2015[\/vc_column_text][vc_separator][vc_column_text]EPHJ 2009 Missimi-Berney S\u00e0rl\u00a0\u00e9tait pr\u00e9sent au\u00a0Salon international\u00a0Environnement Professionnel Horlogerie \u2013 Joaillerie\u00a0du 12 au 15 mai 2009[\/vc_column_text][\/vc_column][vc_column][\/vc_column][vc_column][\/vc_column][\/vc_row][vc_row][vc_column][vc_separator][vc_column_text]SIAMS 2008 Missimi-Berney S\u00e0rl\u00a0\u00e9tait pr\u00e9sent au salon industriel SIAMS du 20 au 24 [&hellip;]\" \/>\n<meta property=\"og:url\" content=\"https:\/\/www.missimi-berney.ch\/expositions-2\/\" \/>\n<meta property=\"og:site_name\" content=\"Missimi Berney\" \/>\n<meta property=\"article:modified_time\" content=\"2016-05-17T13:37:35+00:00\" \/>\n<meta property=\"og:image\" content=\"http:\/\/www.missimi-berney.ch\/wp-content\/uploads\/2016\/05\/2007ephj-101x300.jpg\" \/>\n<meta name=\"twitter:card\" content=\"summary_large_image\" \/>\n<script type=\"application\/ld+json\" class=\"yoast-schema-graph\">{\"@context\":\"https:\/\/schema.org\",\"@graph\":[{\"@type\":\"WebSite\",\"@id\":\"https:\/\/www.missimi-berney.ch\/#website\",\"url\":\"https:\/\/www.missimi-berney.ch\/\",\"name\":\"Missimi Berney\",\"description\":\"Construction de machines sp\\u00e9ciales et m\\u00e9canique de pr\\u00e9cision\",\"potentialAction\":[{\"@type\":\"SearchAction\",\"target\":\"https:\/\/www.missimi-berney.ch\/?s={search_term_string}\",\"query-input\":\"required name=search_term_string\"}],\"inLanguage\":\"en-US\"},{\"@type\":\"ImageObject\",\"@id\":\"https:\/\/www.missimi-berney.ch\/expositions-2\/#primaryimage\",\"inLanguage\":\"en-US\",\"url\":\"http:\/\/www.missimi-berney.ch\/wp-content\/uploads\/2016\/05\/2007ephj-101x300.jpg\"},{\"@type\":\"WebPage\",\"@id\":\"https:\/\/www.missimi-berney.ch\/expositions-2\/#webpage\",\"url\":\"https:\/\/www.missimi-berney.ch\/expositions-2\/\",\"name\":\"Expositions - Missimi Berney\",\"isPartOf\":{\"@id\":\"https:\/\/www.missimi-berney.ch\/#website\"},\"primaryImageOfPage\":{\"@id\":\"https:\/\/www.missimi-berney.ch\/expositions-2\/#primaryimage\"},\"datePublished\":\"2016-05-17T13:16:16+00:00\",\"dateModified\":\"2016-05-17T13:37:35+00:00\",\"inLanguage\":\"en-US\",\"potentialAction\":[{\"@type\":\"ReadAction\",\"target\":[\"https:\/\/www.missimi-berney.ch\/expositions-2\/\"]}]},{\"@type\":\"Person\",\"@id\":\"https:\/\/www.missimi-berney.ch\/#\/schema\/person\/3f6249ae7b8ae4457fea729927526759\",\"name\":\"arnaud\",\"image\":{\"@type\":\"ImageObject\",\"@id\":\"https:\/\/www.missimi-berney.ch\/#personlogo\",\"inLanguage\":\"en-US\",\"url\":\"https:\/\/secure.gravatar.com\/avatar\/d79139546371a676a9af1e8a3c38c0b2d08aebf3e3c576bd28f2e6a672c0fe3b?s=96&d=mm&r=g\",\"caption\":\"arnaud\"}}]}<\/script>\n<!-- \/ Yoast SEO plugin. -->","_links":{"self":[{"href":"https:\/\/www.missimi-berney.ch\/en\/wp-json\/wp\/v2\/pages\/1860","targetHints":{"allow":["GET"]}}],"collection":[{"href":"https:\/\/www.missimi-berney.ch\/en\/wp-json\/wp\/v2\/pages"}],"about":[{"href":"https:\/\/www.missimi-berney.ch\/en\/wp-json\/wp\/v2\/types\/page"}],"author":[{"embeddable":true,"href":"https:\/\/www.missimi-berney.ch\/en\/wp-json\/wp\/v2\/users\/1"}],"replies":[{"embeddable":true,"href":"https:\/\/www.missimi-berney.ch\/en\/wp-json\/wp\/v2\/comments?post=1860"}],"version-history":[{"count":5,"href":"https:\/\/www.missimi-berney.ch\/en\/wp-json\/wp\/v2\/pages\/1860\/revisions"}],"predecessor-version":[{"id":2069,"href":"https:\/\/www.missimi-berney.ch\/en\/wp-json\/wp\/v2\/pages\/1860\/revisions\/2069"}],"wp:attachment":[{"href":"https:\/\/www.missimi-berney.ch\/en\/wp-json\/wp\/v2\/media?parent=1860"}],"curies":[{"name":"wp","href":"https:\/\/api.w.org\/{rel}","templated":true}]}}