{"id":1741,"date":"2015-04-10T01:51:47","date_gmt":"2015-04-10T00:51:47","guid":{"rendered":"http:\/\/localhost\/myjobs\/042015\/helmets\/?page_id=10"},"modified":"2024-10-18T09:12:40","modified_gmt":"2024-10-18T08:12:40","slug":"home-1","status":"publish","type":"page","link":"https:\/\/www.missimi-berney.ch\/en\/","title":{"rendered":"Accueil"},"content":{"rendered":"<p>[vc_row][vc_column][vc_column_text]<\/p>\n<h3><\/h3>\n<h3><strong>MISSIMI-BERNEY:<\/strong><\/h3>\n<p><strong>High precision and high reliability for over 50 years in the heart of the Vall\u00e9e de Joux!<\/strong><\/p>\n<p>Founded in 1963, Berney Machines SA has been historically active in the subcontracting sector for the watchmaking industry. We possess a fleet of state-of-the-art machines.<\/p>\n<p>The manufacture of special machines is a key area in which our expertise and skills are constantly evolving. The brushing techniques and the grinding of flat surfaces through sharpening and polishing of these renowned machines are now exported worldwide. Missimi-Berney ensures the design and after-sales service while offering specific technical solutions.<\/p>\n<p>Finally, always attentive to our customers and responding to their many requests, we have developed a range of products specially designed for watchmakers.[\/vc_column_text][\/vc_column][\/vc_row][vc_row][vc_column]<div class=\"blockquotes blockquotes-style-3  \">\n                    <span class=\"quote-content\">From development to on-site training, our company offers a range of services that will allow you to optimize the efficiency of your production with Missimi-Berney machines.\n<\/span>\n                    <span class=\"quote-author\">Vincent Bernhart, Director<\/span>\n                <\/div>[\/vc_column][\/vc_row][vc_row][vc_column][vc_column_text][\/vc_column_text][\/vc_column][\/vc_row][vc_row_inner][vc_column_inner][\/vc_column_inner][vc_column_inner][vc_column_text]<\/p>\n<h3 style=\"text-align: center;\">OUR MACHINES<\/h3>\n<div class=\"vc_row block-catalogue\">\n        \t<div class=\"vc_row wpb_row vc_inner vc_row-fluid\">\n                            <div class=\"vc_col-sm-4 nbz-col-5\" >\n                \t<a href=\"https:\/\/www.missimi-berney.ch\/en\/machines\/tp1-01\/\">\n                \t\t<img loading=\"lazy\" decoding=\"async\" width=\"410\" height=\"582\" src=\"https:\/\/www.missimi-berney.ch\/wp-content\/uploads\/2024\/10\/05-1-410x582.jpg\" class=\"img-fluid\" alt=\"\" srcset=\"https:\/\/www.missimi-berney.ch\/wp-content\/uploads\/2024\/10\/05-1-410x582.jpg 410w, https:\/\/www.missimi-berney.ch\/wp-content\/uploads\/2024\/10\/05-1-830x1178.jpg 830w, https:\/\/www.missimi-berney.ch\/wp-content\/uploads\/2024\/10\/05-1-768x1090.jpg 768w, https:\/\/www.missimi-berney.ch\/wp-content\/uploads\/2024\/10\/05-1.jpg 902w\" sizes=\"auto, (max-width: 410px) 100vw, 410px\" \/>                \t<\/a>\n                <\/div>\n                \n                            <div class=\"vc_col-sm-4 nbz-col-5\" >\n                \t<a href=\"https:\/\/www.missimi-berney.ch\/en\/machines\/tp1-04\/\">\n                \t\t<img loading=\"lazy\" decoding=\"async\" width=\"410\" height=\"582\" src=\"https:\/\/www.missimi-berney.ch\/wp-content\/uploads\/2024\/10\/06-410x582.jpg\" class=\"img-fluid\" alt=\"\" srcset=\"https:\/\/www.missimi-berney.ch\/wp-content\/uploads\/2024\/10\/06-410x582.jpg 410w, https:\/\/www.missimi-berney.ch\/wp-content\/uploads\/2024\/10\/06-830x1178.jpg 830w, https:\/\/www.missimi-berney.ch\/wp-content\/uploads\/2024\/10\/06-768x1090.jpg 768w, https:\/\/www.missimi-berney.ch\/wp-content\/uploads\/2024\/10\/06.jpg 902w\" sizes=\"auto, (max-width: 410px) 100vw, 410px\" \/>                \t<\/a>\n                <\/div>\n                \n                            <div class=\"vc_col-sm-4 nbz-col-5\" >\n                \t<a href=\"https:\/\/www.missimi-berney.ch\/en\/machines\/tp1-05\/\">\n                \t\t<img loading=\"lazy\" decoding=\"async\" width=\"410\" height=\"582\" src=\"https:\/\/www.missimi-berney.ch\/wp-content\/uploads\/2024\/10\/07-410x582.jpg\" class=\"img-fluid\" alt=\"\" srcset=\"https:\/\/www.missimi-berney.ch\/wp-content\/uploads\/2024\/10\/07-410x582.jpg 410w, https:\/\/www.missimi-berney.ch\/wp-content\/uploads\/2024\/10\/07-830x1178.jpg 830w, https:\/\/www.missimi-berney.ch\/wp-content\/uploads\/2024\/10\/07-768x1090.jpg 768w, https:\/\/www.missimi-berney.ch\/wp-content\/uploads\/2024\/10\/07.jpg 902w\" sizes=\"auto, (max-width: 410px) 100vw, 410px\" \/>                \t<\/a>\n                <\/div>\n                \n                            <div class=\"vc_col-sm-4 nbz-col-5\" >\n                \t<a href=\"https:\/\/www.missimi-berney.ch\/en\/machines\/tp1-012\/\">\n                \t\t<img loading=\"lazy\" decoding=\"async\" width=\"410\" height=\"582\" src=\"https:\/\/www.missimi-berney.ch\/wp-content\/uploads\/2024\/10\/10-410x582.jpg\" class=\"img-fluid\" alt=\"\" srcset=\"https:\/\/www.missimi-berney.ch\/wp-content\/uploads\/2024\/10\/10-410x582.jpg 410w, https:\/\/www.missimi-berney.ch\/wp-content\/uploads\/2024\/10\/10-830x1178.jpg 830w, https:\/\/www.missimi-berney.ch\/wp-content\/uploads\/2024\/10\/10-768x1090.jpg 768w, https:\/\/www.missimi-berney.ch\/wp-content\/uploads\/2024\/10\/10.jpg 902w\" sizes=\"auto, (max-width: 410px) 100vw, 410px\" \/>                \t<\/a>\n                <\/div>\n                \n                            <div class=\"vc_col-sm-4 nbz-col-5\" >\n                \t<a href=\"https:\/\/www.missimi-berney.ch\/en\/machines\/adoucisseuse-rectiligne-ar-02\/\">\n                \t\t<img loading=\"lazy\" decoding=\"async\" width=\"410\" height=\"582\" src=\"https:\/\/www.missimi-berney.ch\/wp-content\/uploads\/2024\/10\/08-410x582.jpg\" class=\"img-fluid\" alt=\"\" srcset=\"https:\/\/www.missimi-berney.ch\/wp-content\/uploads\/2024\/10\/08-410x582.jpg 410w, https:\/\/www.missimi-berney.ch\/wp-content\/uploads\/2024\/10\/08-830x1178.jpg 830w, https:\/\/www.missimi-berney.ch\/wp-content\/uploads\/2024\/10\/08-768x1090.jpg 768w, https:\/\/www.missimi-berney.ch\/wp-content\/uploads\/2024\/10\/08.jpg 902w\" sizes=\"auto, (max-width: 410px) 100vw, 410px\" \/>                \t<\/a>\n                <\/div>\n                \n                            <div class=\"vc_col-sm-4 nbz-col-5\" >\n                \t<a href=\"https:\/\/www.missimi-berney.ch\/en\/machines\/b7x\/\">\n                \t\t<img loading=\"lazy\" decoding=\"async\" width=\"410\" height=\"582\" src=\"https:\/\/www.missimi-berney.ch\/wp-content\/uploads\/2024\/10\/09-410x582.jpg\" class=\"img-fluid\" alt=\"\" srcset=\"https:\/\/www.missimi-berney.ch\/wp-content\/uploads\/2024\/10\/09-410x582.jpg 410w, https:\/\/www.missimi-berney.ch\/wp-content\/uploads\/2024\/10\/09-830x1178.jpg 830w, https:\/\/www.missimi-berney.ch\/wp-content\/uploads\/2024\/10\/09-768x1090.jpg 768w, https:\/\/www.missimi-berney.ch\/wp-content\/uploads\/2024\/10\/09.jpg 902w\" sizes=\"auto, (max-width: 410px) 100vw, 410px\" \/>                \t<\/a>\n                <\/div>\n                \n                            <div class=\"vc_col-sm-4 nbz-col-5\" >\n                \t<a href=\"https:\/\/www.missimi-berney.ch\/en\/machines\/bp6\/\">\n                \t\t<img loading=\"lazy\" decoding=\"async\" width=\"410\" height=\"582\" src=\"https:\/\/www.missimi-berney.ch\/wp-content\/uploads\/2024\/10\/01-410x582.jpg\" class=\"img-fluid\" alt=\"\" srcset=\"https:\/\/www.missimi-berney.ch\/wp-content\/uploads\/2024\/10\/01-410x582.jpg 410w, https:\/\/www.missimi-berney.ch\/wp-content\/uploads\/2024\/10\/01-830x1178.jpg 830w, https:\/\/www.missimi-berney.ch\/wp-content\/uploads\/2024\/10\/01-768x1090.jpg 768w, https:\/\/www.missimi-berney.ch\/wp-content\/uploads\/2024\/10\/01.jpg 902w\" sizes=\"auto, (max-width: 410px) 100vw, 410px\" \/>                \t<\/a>\n                <\/div>\n                \n                            <div class=\"vc_col-sm-4 nbz-col-5\" >\n                \t<a href=\"https:\/\/www.missimi-berney.ch\/en\/machines\/bp8\/\">\n                \t\t<img loading=\"lazy\" decoding=\"async\" width=\"410\" height=\"582\" src=\"https:\/\/www.missimi-berney.ch\/wp-content\/uploads\/2024\/10\/08-1-410x582.jpg\" class=\"img-fluid\" alt=\"\" srcset=\"https:\/\/www.missimi-berney.ch\/wp-content\/uploads\/2024\/10\/08-1-410x582.jpg 410w, https:\/\/www.missimi-berney.ch\/wp-content\/uploads\/2024\/10\/08-1-830x1178.jpg 830w, https:\/\/www.missimi-berney.ch\/wp-content\/uploads\/2024\/10\/08-1-768x1090.jpg 768w, https:\/\/www.missimi-berney.ch\/wp-content\/uploads\/2024\/10\/08-1.jpg 902w\" sizes=\"auto, (max-width: 410px) 100vw, 410px\" \/>                \t<\/a>\n                <\/div>\n                \n                            <div class=\"vc_col-sm-4 nbz-col-5\" >\n                \t<a href=\"https:\/\/www.missimi-berney.ch\/en\/machines\/me-machine-a-encoller\/\">\n                \t\t<img loading=\"lazy\" decoding=\"async\" width=\"410\" height=\"582\" src=\"https:\/\/www.missimi-berney.ch\/wp-content\/uploads\/2024\/10\/03-410x582.jpg\" class=\"img-fluid\" alt=\"\" srcset=\"https:\/\/www.missimi-berney.ch\/wp-content\/uploads\/2024\/10\/03-410x582.jpg 410w, https:\/\/www.missimi-berney.ch\/wp-content\/uploads\/2024\/10\/03-830x1178.jpg 830w, https:\/\/www.missimi-berney.ch\/wp-content\/uploads\/2024\/10\/03-768x1090.jpg 768w, https:\/\/www.missimi-berney.ch\/wp-content\/uploads\/2024\/10\/03.jpg 902w\" sizes=\"auto, (max-width: 410px) 100vw, 410px\" \/>                \t<\/a>\n                <\/div>\n                \n                            <div class=\"vc_col-sm-4 nbz-col-5\" >\n                \t<a href=\"https:\/\/www.missimi-berney.ch\/en\/machines\/pp4-presse-quadruple\/\">\n                \t\t<img loading=\"lazy\" decoding=\"async\" width=\"410\" height=\"582\" src=\"https:\/\/www.missimi-berney.ch\/wp-content\/uploads\/2024\/10\/04-1-410x582.jpg\" class=\"img-fluid\" alt=\"\" srcset=\"https:\/\/www.missimi-berney.ch\/wp-content\/uploads\/2024\/10\/04-1-410x582.jpg 410w, https:\/\/www.missimi-berney.ch\/wp-content\/uploads\/2024\/10\/04-1-830x1178.jpg 830w, https:\/\/www.missimi-berney.ch\/wp-content\/uploads\/2024\/10\/04-1-768x1090.jpg 768w, https:\/\/www.missimi-berney.ch\/wp-content\/uploads\/2024\/10\/04-1.jpg 902w\" sizes=\"auto, (max-width: 410px) 100vw, 410px\" \/>                \t<\/a>\n                <\/div>\n                \n                            <div class=\"vc_col-sm-4 nbz-col-5\" >\n                \t<a href=\"https:\/\/www.missimi-berney.ch\/en\/machines\/mp-01-micro-perceuse\/\">\n                \t\t<img loading=\"lazy\" decoding=\"async\" width=\"410\" height=\"582\" src=\"https:\/\/www.missimi-berney.ch\/wp-content\/uploads\/2024\/10\/Plaquette_MP01-Missimi-Berney_Page_1.jpg\" class=\"img-fluid\" alt=\"\" \/>                \t<\/a>\n                <\/div>\n                \n                            <div class=\"vc_col-sm-4 nbz-col-5\" >\n                \t<a href=\"https:\/\/www.missimi-berney.ch\/en\/machines\/tp1-02\/\">\n                \t\t<img loading=\"lazy\" decoding=\"async\" width=\"410\" height=\"582\" src=\"https:\/\/www.missimi-berney.ch\/wp-content\/uploads\/2024\/10\/Plaquette_TP01.02-Missimi-Berney_Page_1-410x582.jpg\" class=\"img-fluid\" alt=\"\" srcset=\"https:\/\/www.missimi-berney.ch\/wp-content\/uploads\/2024\/10\/Plaquette_TP01.02-Missimi-Berney_Page_1-410x582.jpg 410w, https:\/\/www.missimi-berney.ch\/wp-content\/uploads\/2024\/10\/Plaquette_TP01.02-Missimi-Berney_Page_1-830x1177.jpg 830w, https:\/\/www.missimi-berney.ch\/wp-content\/uploads\/2024\/10\/Plaquette_TP01.02-Missimi-Berney_Page_1-768x1090.jpg 768w, https:\/\/www.missimi-berney.ch\/wp-content\/uploads\/2024\/10\/Plaquette_TP01.02-Missimi-Berney_Page_1-1083x1536.jpg 1083w, https:\/\/www.missimi-berney.ch\/wp-content\/uploads\/2024\/10\/Plaquette_TP01.02-Missimi-Berney_Page_1-1444x2048.jpg 1444w, https:\/\/www.missimi-berney.ch\/wp-content\/uploads\/2024\/10\/Plaquette_TP01.02-Missimi-Berney_Page_1-scaled.jpg 1805w\" sizes=\"auto, (max-width: 410px) 100vw, 410px\" \/>                \t<\/a>\n                <\/div>\n                \n                        <\/div>\n        <\/div>\n        [\/vc_column_text][\/vc_column_inner][\/vc_row_inner][vc_row_inner][vc_column_inner width=&#8221;1\/3&#8243;]        \n                \n                        \n            <div class=\"ts-service service-style-1  \">\n                                \n                <div class=\"ts-service-item\">\n                    <div class=\"ts-inner\">\n                        <img decoding=\"async\" alt=\"Service-img\" src=\"https:\/\/www.missimi-berney.ch\/wp-content\/plugins\/helmets-core\/\/assets\/images\/noimage\/no_image_transparent-540x536.png\" \/>\n                        <div class=\"ts-overlay\" style=\"background-color: rgba(0,0,0,0.8);\">\n                            <div class=\"ts-overlay-middle\">\n                                <div class=\"ts-overlay-content\">\n                                    <span class=\"icon icon-Starship2\"><\/span>\n                                    <h3><a href=\"#\" title=\"Innovation\">Innovation<\/a><\/h3>\n                                    <div class=\"ts-excerpt\">Customized design, innovation thanks to our development department.\n<\/div>\n                                                                    <\/div>\n                            <\/div>\n                        <\/div>\n                    <\/div>\n                <\/div><!--\/.ts-service-item-->\n                    \n            <\/div> <!-- \/.ts-service -->\n            \n                    \n                \n                \n                \n                \n                \n                \n                \n        [\/vc_column_inner][vc_column_inner width=&#8221;1\/3&#8243;]        \n                \n                        \n            <div class=\"ts-service service-style-1   vc_custom_1728890442166\">\n                                \n                <div class=\"ts-service-item\">\n                    <div class=\"ts-inner\">\n                        <img decoding=\"async\" alt=\"Service-img\" src=\"https:\/\/www.missimi-berney.ch\/wp-content\/plugins\/helmets-core\/\/assets\/images\/noimage\/no_image_transparent-540x536.png\" \/>\n                        <div class=\"ts-overlay\" style=\"background-color: rgba(0,0,0,0.8);\">\n                            <div class=\"ts-overlay-middle\">\n                                <div class=\"ts-overlay-content\">\n                                    <span class=\"icon icon-Puzzle\"><\/span>\n                                    <h3><a href=\"#\" title=\"Tests\">Tests<\/a><\/h3>\n                                    <div class=\"ts-excerpt\">Test in our showroom before buying your machine.\n<\/div>\n                                                                    <\/div>\n                            <\/div>\n                        <\/div>\n                    <\/div>\n                <\/div><!--\/.ts-service-item-->\n                    \n            <\/div> <!-- \/.ts-service -->\n            \n                    \n                \n                \n                \n                \n                \n                \n                \n        [\/vc_column_inner][vc_column_inner width=&#8221;1\/3&#8243;]        \n                \n                        \n            <div class=\"ts-service service-style-1  \">\n                                \n                <div class=\"ts-service-item\">\n                    <div class=\"ts-inner\">\n                        <img decoding=\"async\" alt=\"Service-img\" src=\"https:\/\/www.missimi-berney.ch\/wp-content\/plugins\/helmets-core\/\/assets\/images\/noimage\/no_image_transparent-540x536.png\" \/>\n                        <div class=\"ts-overlay\" style=\"background-color: rgba(0,0,0,0.8);\">\n                            <div class=\"ts-overlay-middle\">\n                                <div class=\"ts-overlay-content\">\n                                    <span class=\"icon icon-BatteryLow\"><\/span>\n                                    <h3><a href=\"#\" title=\"Monitoring and maintenance\">Monitoring and maintenance<\/a><\/h3>\n                                    <div class=\"ts-excerpt\">We provide after-sales service on all our products.\n<\/div>\n                                                                    <\/div>\n                            <\/div>\n                        <\/div>\n                    <\/div>\n                <\/div><!--\/.ts-service-item-->\n                    \n            <\/div> <!-- \/.ts-service -->\n            \n                    \n                \n                \n                \n                \n                \n                \n                \n        [\/vc_column_inner][\/vc_row_inner][vc_empty_space][vc_row][vc_column][vc_column_text][\/vc_column_text][\/vc_column][\/vc_row][vc_row][\/vc_row][vc_column width=&#8221;1\/3&#8243;][\/vc_column]<\/p>","protected":false},"excerpt":{"rendered":"<p>[vc_row][vc_column][vc_column_text] MISSIMI-BERNEY: High precision and high reliability for over 50 years in the heart of the Vall\u00e9e de Joux! Founded in 1963, Berney Machines SA has been historically active in the subcontracting sector for the watchmaking industry. We possess a fleet of state-of-the-art machines. The manufacture of special machines is a key area in which [&hellip;]<\/p>\n","protected":false},"author":3,"featured_media":5652,"parent":0,"menu_order":1,"comment_status":"closed","ping_status":"closed","template":"","meta":{"_acf_changed":false,"_seopress_robots_primary_cat":"","_seopress_titles_title":"","_seopress_titles_desc":"","_seopress_robots_index":"","_seopress_analysis_target_kw":"","footnotes":""},"class_list":["post-1741","page","type-page","status-publish","has-post-thumbnail","hentry"],"acf":[],"yoast_head":"<!-- This site is optimized with the Yoast SEO plugin v15.6.2 - https:\/\/yoast.com\/wordpress\/plugins\/seo\/ -->\n<title>- MISSIMI BERNEY - Fabrication de machines sp\u00e9ciales horlogerie<\/title>\n<meta name=\"description\" content=\"MISSIMI-BERNEY est une soci\u00e9t\u00e9 active dans le domaine de la sous-traitance pour l&#039;industrie horlog\u00e8re, la m\u00e9canique de pr\u00e9cision ainsi que la fabrication de machines sp\u00e9ciales pour l&#039;horlogerie.\" \/>\n<meta name=\"robots\" content=\"index, follow, max-snippet:-1, max-image-preview:large, max-video-preview:-1\" \/>\n<link rel=\"canonical\" href=\"https:\/\/www.missimi-berney.ch\/\" \/>\n<meta property=\"og:locale\" content=\"en_US\" \/>\n<meta property=\"og:type\" content=\"article\" \/>\n<meta property=\"og:title\" content=\"- MISSIMI BERNEY - Fabrication de machines sp\u00e9ciales horlogerie\" \/>\n<meta property=\"og:description\" content=\"MISSIMI-BERNEY est une soci\u00e9t\u00e9 active dans le domaine de la sous-traitance pour l&#039;industrie horlog\u00e8re, la m\u00e9canique de pr\u00e9cision ainsi que la fabrication de machines sp\u00e9ciales pour l&#039;horlogerie.\" \/>\n<meta property=\"og:url\" content=\"https:\/\/www.missimi-berney.ch\/\" \/>\n<meta property=\"og:site_name\" content=\"Missimi Berney\" \/>\n<meta property=\"article:modified_time\" content=\"2024-10-18T08:12:40+00:00\" \/>\n<meta property=\"og:image\" content=\"https:\/\/www.missimi-berney.ch\/wp-content\/uploads\/2024\/04\/Missimi-Berney_bg.jpg\" \/>\n\t<meta property=\"og:image:width\" content=\"1920\" \/>\n\t<meta property=\"og:image:height\" content=\"1080\" \/>\n<meta name=\"twitter:card\" content=\"summary_large_image\" \/>\n<meta name=\"twitter:label1\" content=\"Est. reading time\">\n\t<meta name=\"twitter:data1\" content=\"2 minutes\">\n<script type=\"application\/ld+json\" class=\"yoast-schema-graph\">{\"@context\":\"https:\/\/schema.org\",\"@graph\":[{\"@type\":\"WebSite\",\"@id\":\"https:\/\/www.missimi-berney.ch\/#website\",\"url\":\"https:\/\/www.missimi-berney.ch\/\",\"name\":\"Missimi Berney\",\"description\":\"Construction de machines sp\\u00e9ciales et m\\u00e9canique de pr\\u00e9cision\",\"potentialAction\":[{\"@type\":\"SearchAction\",\"target\":\"https:\/\/www.missimi-berney.ch\/?s={search_term_string}\",\"query-input\":\"required name=search_term_string\"}],\"inLanguage\":\"en-US\"},{\"@type\":\"ImageObject\",\"@id\":\"https:\/\/www.missimi-berney.ch\/#primaryimage\",\"inLanguage\":\"en-US\",\"url\":\"https:\/\/www.missimi-berney.ch\/wp-content\/uploads\/2024\/04\/Missimi-Berney_bg.jpg\",\"width\":1920,\"height\":1080},{\"@type\":\"WebPage\",\"@id\":\"https:\/\/www.missimi-berney.ch\/#webpage\",\"url\":\"https:\/\/www.missimi-berney.ch\/\",\"name\":\"- MISSIMI BERNEY - Fabrication de machines sp\\u00e9ciales horlogerie\",\"isPartOf\":{\"@id\":\"https:\/\/www.missimi-berney.ch\/#website\"},\"primaryImageOfPage\":{\"@id\":\"https:\/\/www.missimi-berney.ch\/#primaryimage\"},\"datePublished\":\"2015-04-10T00:51:47+00:00\",\"dateModified\":\"2024-10-18T08:12:40+00:00\",\"description\":\"MISSIMI-BERNEY est une soci\\u00e9t\\u00e9 active dans le domaine de la sous-traitance pour l'industrie horlog\\u00e8re, la m\\u00e9canique de pr\\u00e9cision ainsi que la fabrication de machines sp\\u00e9ciales pour l'horlogerie.\",\"inLanguage\":\"en-US\",\"potentialAction\":[{\"@type\":\"ReadAction\",\"target\":[\"https:\/\/www.missimi-berney.ch\/\"]}]}]}<\/script>\n<!-- \/ Yoast SEO plugin. -->","_links":{"self":[{"href":"https:\/\/www.missimi-berney.ch\/en\/wp-json\/wp\/v2\/pages\/1741","targetHints":{"allow":["GET"]}}],"collection":[{"href":"https:\/\/www.missimi-berney.ch\/en\/wp-json\/wp\/v2\/pages"}],"about":[{"href":"https:\/\/www.missimi-berney.ch\/en\/wp-json\/wp\/v2\/types\/page"}],"author":[{"embeddable":true,"href":"https:\/\/www.missimi-berney.ch\/en\/wp-json\/wp\/v2\/users\/3"}],"replies":[{"embeddable":true,"href":"https:\/\/www.missimi-berney.ch\/en\/wp-json\/wp\/v2\/comments?post=1741"}],"version-history":[{"count":181,"href":"https:\/\/www.missimi-berney.ch\/en\/wp-json\/wp\/v2\/pages\/1741\/revisions"}],"predecessor-version":[{"id":6138,"href":"https:\/\/www.missimi-berney.ch\/en\/wp-json\/wp\/v2\/pages\/1741\/revisions\/6138"}],"wp:featuredmedia":[{"embeddable":true,"href":"https:\/\/www.missimi-berney.ch\/en\/wp-json\/wp\/v2\/media\/5652"}],"wp:attachment":[{"href":"https:\/\/www.missimi-berney.ch\/en\/wp-json\/wp\/v2\/media?parent=1741"}],"curies":[{"name":"wp","href":"https:\/\/api.w.org\/{rel}","templated":true}]}}