{"id":17,"date":"2015-09-29T10:05:50","date_gmt":"2015-09-29T09:05:50","guid":{"rendered":"http:\/\/missimi-berney.ch\/?p=17"},"modified":"2024-10-16T12:24:42","modified_gmt":"2024-10-16T11:24:42","slug":"tp1c-touret-a-camera","status":"publish","type":"page","link":"https:\/\/www.missimi-berney.ch\/en\/tp1c-touret-a-camera\/","title":{"rendered":"TP1C Touret \u00e0 cam\u00e9ra"},"content":{"rendered":"<p>Ce produit montre le savoir faire de notre soci\u00e9t\u00e9 dans la conception de machines correspondant tout sp\u00e9cialement au besoin de nos clients.<img loading=\"lazy\" decoding=\"async\" class=\"alignright\" src=\"http:\/\/www.missimi-berney.com\/documents\/images\/touretcam_total_big.jpg\" alt=\"\" width=\"178\" height=\"97\" border=\"0\" \/><\/p>\n<p>Id\u00e9al pour la formation de votre personnel et pour le travail de pr\u00e9cision.<!--more--><\/p>\n<p><img decoding=\"async\" src=\"http:\/\/www.missimi-berney.com\/documents\/images\/touretcam_total_big.jpg\" alt=\"\" width=\"350\" border=\"0\" \/><\/p>\n<p><a href=\"http:\/\/www.missimi-berney.com\/documents\/TP1C_fr.pdf\"><u><span style=\"color: #0066cc;\">Fiche produit<\/span><\/u><\/a><\/p>\n<p><a href=\"http:\/\/www.missimi-berney.com\/documents\/Materiel_et_fournitures_pour_horlogers.pdf\">Liste du mat\u00e9riel pour horlogers en PDF<\/a><\/p>\n","protected":false},"excerpt":{"rendered":"<p>Ce produit montre le savoir faire de notre soci\u00e9t\u00e9 dans la conception de machines correspondant tout sp\u00e9cialement au besoin de nos clients. Id\u00e9al pour la formation de votre personnel et pour le travail de pr\u00e9cision.<\/p>\n","protected":false},"author":1,"featured_media":0,"parent":0,"menu_order":0,"comment_status":"closed","ping_status":"closed","template":"","meta":{"_acf_changed":false,"_seopress_robots_primary_cat":"","_seopress_titles_title":"","_seopress_titles_desc":"","_seopress_robots_index":"","footnotes":""},"class_list":["post-17","page","type-page","status-publish","hentry"],"acf":[],"yoast_head":"<!-- This site is optimized with the Yoast SEO plugin v15.6.2 - https:\/\/yoast.com\/wordpress\/plugins\/seo\/ -->\n<title>TP1C Touret \u00e0 cam\u00e9ra - Missimi Berney<\/title>\n<meta name=\"robots\" content=\"index, follow, max-snippet:-1, max-image-preview:large, max-video-preview:-1\" \/>\n<link rel=\"canonical\" href=\"https:\/\/www.missimi-berney.ch\/tp1c-touret-a-camera\/\" \/>\n<meta property=\"og:locale\" content=\"en_US\" \/>\n<meta property=\"og:type\" content=\"article\" \/>\n<meta property=\"og:title\" content=\"TP1C Touret \u00e0 cam\u00e9ra - Missimi Berney\" \/>\n<meta property=\"og:description\" content=\"Ce produit montre le savoir faire de notre soci\u00e9t\u00e9 dans la conception de machines correspondant tout sp\u00e9cialement au besoin de nos clients. Id\u00e9al pour la formation de votre personnel et pour le travail de pr\u00e9cision.\" \/>\n<meta property=\"og:url\" content=\"https:\/\/www.missimi-berney.ch\/tp1c-touret-a-camera\/\" \/>\n<meta property=\"og:site_name\" content=\"Missimi Berney\" \/>\n<meta property=\"article:modified_time\" content=\"2024-10-16T11:24:42+00:00\" \/>\n<meta property=\"og:image\" content=\"http:\/\/www.missimi-berney.com\/documents\/images\/touretcam_total_big.jpg\" \/>\n<meta name=\"twitter:card\" content=\"summary_large_image\" \/>\n<script type=\"application\/ld+json\" class=\"yoast-schema-graph\">{\"@context\":\"https:\/\/schema.org\",\"@graph\":[{\"@type\":\"WebSite\",\"@id\":\"https:\/\/www.missimi-berney.ch\/#website\",\"url\":\"https:\/\/www.missimi-berney.ch\/\",\"name\":\"Missimi Berney\",\"description\":\"Construction de machines sp\\u00e9ciales et m\\u00e9canique de pr\\u00e9cision\",\"potentialAction\":[{\"@type\":\"SearchAction\",\"target\":\"https:\/\/www.missimi-berney.ch\/?s={search_term_string}\",\"query-input\":\"required name=search_term_string\"}],\"inLanguage\":\"en-US\"},{\"@type\":\"ImageObject\",\"@id\":\"https:\/\/www.missimi-berney.ch\/tp1c-touret-a-camera\/#primaryimage\",\"inLanguage\":\"en-US\",\"url\":\"http:\/\/www.missimi-berney.com\/documents\/images\/touretcam_total_big.jpg\"},{\"@type\":\"WebPage\",\"@id\":\"https:\/\/www.missimi-berney.ch\/tp1c-touret-a-camera\/#webpage\",\"url\":\"https:\/\/www.missimi-berney.ch\/tp1c-touret-a-camera\/\",\"name\":\"TP1C Touret \\u00e0 cam\\u00e9ra - Missimi Berney\",\"isPartOf\":{\"@id\":\"https:\/\/www.missimi-berney.ch\/#website\"},\"primaryImageOfPage\":{\"@id\":\"https:\/\/www.missimi-berney.ch\/tp1c-touret-a-camera\/#primaryimage\"},\"datePublished\":\"2015-09-29T09:05:50+00:00\",\"dateModified\":\"2024-10-16T11:24:42+00:00\",\"inLanguage\":\"en-US\",\"potentialAction\":[{\"@type\":\"ReadAction\",\"target\":[\"https:\/\/www.missimi-berney.ch\/tp1c-touret-a-camera\/\"]}]}]}<\/script>\n<!-- \/ Yoast SEO plugin. -->","_links":{"self":[{"href":"https:\/\/www.missimi-berney.ch\/en\/wp-json\/wp\/v2\/pages\/17","targetHints":{"allow":["GET"]}}],"collection":[{"href":"https:\/\/www.missimi-berney.ch\/en\/wp-json\/wp\/v2\/pages"}],"about":[{"href":"https:\/\/www.missimi-berney.ch\/en\/wp-json\/wp\/v2\/types\/page"}],"author":[{"embeddable":true,"href":"https:\/\/www.missimi-berney.ch\/en\/wp-json\/wp\/v2\/users\/1"}],"replies":[{"embeddable":true,"href":"https:\/\/www.missimi-berney.ch\/en\/wp-json\/wp\/v2\/comments?post=17"}],"version-history":[{"count":3,"href":"https:\/\/www.missimi-berney.ch\/en\/wp-json\/wp\/v2\/pages\/17\/revisions"}],"predecessor-version":[{"id":1878,"href":"https:\/\/www.missimi-berney.ch\/en\/wp-json\/wp\/v2\/pages\/17\/revisions\/1878"}],"wp:attachment":[{"href":"https:\/\/www.missimi-berney.ch\/en\/wp-json\/wp\/v2\/media?parent=17"}],"curies":[{"name":"wp","href":"https:\/\/api.w.org\/{rel}","templated":true}]}}