{"id":11,"date":"2015-09-29T10:04:23","date_gmt":"2015-09-29T09:04:23","guid":{"rendered":"http:\/\/missimi-berney.ch\/?p=11"},"modified":"2024-10-18T08:34:21","modified_gmt":"2024-10-18T07:34:21","slug":"b71e","status":"publish","type":"page","link":"https:\/\/www.missimi-berney.ch\/en\/machines\/b71e\/","title":{"rendered":"B71E &#8211; Brosseuse d&#8217;\u00e9tabli"},"content":{"rendered":"<p><\/p>\n<h6><strong>Machine d\u2019\u00e9tabli \u00e0 fa\u00e7onner les angles et les rayons par brossage<br \/>\n<img loading=\"lazy\" decoding=\"async\" class=\" wp-image-2190 alignright\" src=\"http:\/\/www.missimi-berney.ch\/wp-content\/uploads\/2017\/03\/Image-B71E-219x300.png\" alt=\"\" width=\"245\" height=\"336\" srcset=\"https:\/\/www.missimi-berney.ch\/wp-content\/uploads\/2017\/03\/Image-B71E-219x300.png 219w, https:\/\/www.missimi-berney.ch\/wp-content\/uploads\/2017\/03\/Image-B71E-768x1050.png 768w, https:\/\/www.missimi-berney.ch\/wp-content\/uploads\/2017\/03\/Image-B71E-749x1024.png 749w, https:\/\/www.missimi-berney.ch\/wp-content\/uploads\/2017\/03\/Image-B71E.png 860w\" sizes=\"auto, (max-width: 245px) 100vw, 245px\" \/><br \/>\n<\/strong><!--more--><\/h6>\n<p>Dimensions de la machine : L: 750 mm l: 700 mm H: 800 mm<\/p>\n<p>Poids : 350Kg<\/p>\n<p>&nbsp;<\/p>\n<p><strong>Description g\u00e9n\u00e9rale<\/strong><\/p>\n<ul>\n<li>Construction rigide<\/li>\n<li>Interface utilisateur sur \u00e9cran tactile<\/li>\n<li>Travail en brossage ou feutrage, pour angler et polir les pi\u00e8ces<\/li>\n<li>\n<div><\/div>\n<div>Plateau avec 3 stations<\/div>\n<\/li>\n<li>R\u00e9glage et m\u00e9morisation de tous les param\u00e8tres (vitesses, inversion, relevage,\u2026)<\/li>\n<li>Axe brosse pneumatique<\/li>\n<\/ul>\n<p>&nbsp;<\/p>\n<p><a href=\"http:\/\/www.missimi-berney.ch\/wp-content\/uploads\/2017\/03\/B71E_fr_20.09.18.pdf\" target=\"_blank\" rel=\"noopener\"><u><span style=\"color: #0066cc;\">En savoir plus&#8230;<\/span><\/u><\/a><\/p>\n<p>&nbsp;<\/p>\n<p><img loading=\"lazy\" decoding=\"async\" class=\" wp-image-2547 aligncenter\" src=\"http:\/\/www.missimi-berney.ch\/wp-content\/uploads\/2017\/03\/Zoom-B71E-300x208.png\" alt=\"\" width=\"321\" height=\"223\" srcset=\"https:\/\/www.missimi-berney.ch\/wp-content\/uploads\/2017\/03\/Zoom-B71E-300x208.png 300w, https:\/\/www.missimi-berney.ch\/wp-content\/uploads\/2017\/03\/Zoom-B71E-768x534.png 768w, https:\/\/www.missimi-berney.ch\/wp-content\/uploads\/2017\/03\/Zoom-B71E.png 980w\" sizes=\"auto, (max-width: 321px) 100vw, 321px\" \/><\/p>","protected":false},"excerpt":{"rendered":"<p>Sorry, this entry is only available in Fran\u00e7ais.<\/p>\n","protected":false},"author":1,"featured_media":0,"parent":1907,"menu_order":0,"comment_status":"closed","ping_status":"closed","template":"","meta":{"_acf_changed":false,"_seopress_robots_primary_cat":"","_seopress_titles_title":"","_seopress_titles_desc":"","_seopress_robots_index":"","footnotes":""},"class_list":["post-11","page","type-page","status-publish","hentry"],"acf":[],"yoast_head":"<!-- This site is optimized with the Yoast SEO plugin v15.6.2 - https:\/\/yoast.com\/wordpress\/plugins\/seo\/ -->\n<title>B71E - Brosseuse d&#039;\u00e9tabli - Missimi Berney<\/title>\n<meta name=\"robots\" content=\"index, follow, max-snippet:-1, max-image-preview:large, max-video-preview:-1\" \/>\n<link rel=\"canonical\" href=\"https:\/\/www.missimi-berney.ch\/machines\/b71e\/\" \/>\n<meta property=\"og:locale\" content=\"en_US\" \/>\n<meta property=\"og:type\" content=\"article\" \/>\n<meta property=\"og:title\" content=\"B71E - Brosseuse d&#039;\u00e9tabli - Missimi Berney\" \/>\n<meta property=\"og:description\" content=\"Sorry, this entry is only available in Fran\u00e7ais.\" \/>\n<meta property=\"og:url\" content=\"https:\/\/www.missimi-berney.ch\/machines\/b71e\/\" \/>\n<meta property=\"og:site_name\" content=\"Missimi Berney\" \/>\n<meta property=\"article:modified_time\" content=\"2024-10-18T07:34:21+00:00\" \/>\n<meta property=\"og:image\" content=\"http:\/\/www.missimi-berney.ch\/wp-content\/uploads\/2017\/03\/Image-B71E-219x300.png\" \/>\n<meta name=\"twitter:card\" content=\"summary_large_image\" \/>\n<meta name=\"twitter:label1\" content=\"Est. reading time\">\n\t<meta name=\"twitter:data1\" content=\"1 minute\">\n<script type=\"application\/ld+json\" class=\"yoast-schema-graph\">{\"@context\":\"https:\/\/schema.org\",\"@graph\":[{\"@type\":\"WebSite\",\"@id\":\"https:\/\/www.missimi-berney.ch\/#website\",\"url\":\"https:\/\/www.missimi-berney.ch\/\",\"name\":\"Missimi Berney\",\"description\":\"Construction de machines sp\\u00e9ciales et m\\u00e9canique de pr\\u00e9cision\",\"potentialAction\":[{\"@type\":\"SearchAction\",\"target\":\"https:\/\/www.missimi-berney.ch\/?s={search_term_string}\",\"query-input\":\"required name=search_term_string\"}],\"inLanguage\":\"en-US\"},{\"@type\":\"ImageObject\",\"@id\":\"https:\/\/www.missimi-berney.ch\/machines\/b71e\/#primaryimage\",\"inLanguage\":\"en-US\",\"url\":\"http:\/\/www.missimi-berney.ch\/wp-content\/uploads\/2017\/03\/Image-B71E-219x300.png\"},{\"@type\":\"WebPage\",\"@id\":\"https:\/\/www.missimi-berney.ch\/machines\/b71e\/#webpage\",\"url\":\"https:\/\/www.missimi-berney.ch\/machines\/b71e\/\",\"name\":\"B71E - Brosseuse d'\\u00e9tabli - Missimi Berney\",\"isPartOf\":{\"@id\":\"https:\/\/www.missimi-berney.ch\/#website\"},\"primaryImageOfPage\":{\"@id\":\"https:\/\/www.missimi-berney.ch\/machines\/b71e\/#primaryimage\"},\"datePublished\":\"2015-09-29T09:04:23+00:00\",\"dateModified\":\"2024-10-18T07:34:21+00:00\",\"inLanguage\":\"en-US\",\"potentialAction\":[{\"@type\":\"ReadAction\",\"target\":[\"https:\/\/www.missimi-berney.ch\/machines\/b71e\/\"]}]}]}<\/script>\n<!-- \/ Yoast SEO plugin. -->","_links":{"self":[{"href":"https:\/\/www.missimi-berney.ch\/en\/wp-json\/wp\/v2\/pages\/11","targetHints":{"allow":["GET"]}}],"collection":[{"href":"https:\/\/www.missimi-berney.ch\/en\/wp-json\/wp\/v2\/pages"}],"about":[{"href":"https:\/\/www.missimi-berney.ch\/en\/wp-json\/wp\/v2\/types\/page"}],"author":[{"embeddable":true,"href":"https:\/\/www.missimi-berney.ch\/en\/wp-json\/wp\/v2\/users\/1"}],"replies":[{"embeddable":true,"href":"https:\/\/www.missimi-berney.ch\/en\/wp-json\/wp\/v2\/comments?post=11"}],"version-history":[{"count":20,"href":"https:\/\/www.missimi-berney.ch\/en\/wp-json\/wp\/v2\/pages\/11\/revisions"}],"predecessor-version":[{"id":6120,"href":"https:\/\/www.missimi-berney.ch\/en\/wp-json\/wp\/v2\/pages\/11\/revisions\/6120"}],"up":[{"embeddable":true,"href":"https:\/\/www.missimi-berney.ch\/en\/wp-json\/wp\/v2\/pages\/1907"}],"wp:attachment":[{"href":"https:\/\/www.missimi-berney.ch\/en\/wp-json\/wp\/v2\/media?parent=11"}],"curies":[{"name":"wp","href":"https:\/\/api.w.org\/{rel}","templated":true}]}}