{"id":6033,"date":"2024-10-17T14:07:02","date_gmt":"2024-10-17T13:07:02","guid":{"rendered":"https:\/\/www.missimi-berney.ch\/?page_id=6033"},"modified":"2024-10-18T13:36:12","modified_gmt":"2024-10-18T12:36:12","slug":"pa-posage-daspiration","status":"publish","type":"page","link":"https:\/\/www.missimi-berney.ch\/de\/special-horlogers\/pa-posage-daspiration\/","title":{"rendered":"MEA-1 &#8211; Posage \u00e0 \u00e9tirer"},"content":{"rendered":"<p><\/p>\n<h6><b>Erm\u00f6glicht es, Schrauben oder Stifte in die L\u00f6cher der Leisten zu saugen, bevor sie verleimt werden. <\/b><img loading=\"lazy\" decoding=\"async\" class=\"size-medium wp-image-6024 alignleft\" src=\"https:\/\/www.missimi-berney.ch\/wp-content\/uploads\/2024\/10\/posage-aspiration-410x410.jpg\" alt=\"\" width=\"410\" height=\"410\" \/><\/h6>\n<p>150 Tiefe x140 Breite x120 H\u00f6he<br \/>\nF\u00fcr Leiste \u00d890mm<\/p>\n<p><img loading=\"lazy\" decoding=\"async\" class=\"alignnone wp-image-6028 size-medium\" src=\"https:\/\/www.missimi-berney.ch\/wp-content\/uploads\/2024\/10\/posage-aspiration-1-1-410x192.jpg\" alt=\"\" width=\"410\" height=\"192\" \/><\/p>","protected":false},"excerpt":{"rendered":"<p>Erm\u00f6glicht es, Schrauben oder Stifte in die L\u00f6cher der Leisten zu saugen, bevor sie verleimt werden. 150 Tiefe x140 Breite x120 H\u00f6he F\u00fcr Leiste \u00d890mm<\/p>\n","protected":false},"author":7,"featured_media":0,"parent":1971,"menu_order":0,"comment_status":"closed","ping_status":"closed","template":"","meta":{"_acf_changed":false,"_seopress_robots_primary_cat":"","_seopress_titles_title":"","_seopress_titles_desc":"","_seopress_robots_index":"","footnotes":""},"class_list":["post-6033","page","type-page","status-publish","hentry"],"acf":[],"yoast_head":"<!-- This site is optimized with the Yoast SEO plugin v15.6.2 - https:\/\/yoast.com\/wordpress\/plugins\/seo\/ -->\n<title>MEA-1 - Posage \u00e0 \u00e9tirer - Missimi Berney<\/title>\n<meta name=\"robots\" content=\"index, follow, max-snippet:-1, max-image-preview:large, max-video-preview:-1\" \/>\n<link rel=\"canonical\" href=\"https:\/\/www.missimi-berney.ch\/special-horlogers\/pa-posage-daspiration\/\" \/>\n<meta property=\"og:locale\" content=\"de_DE\" \/>\n<meta property=\"og:type\" content=\"article\" \/>\n<meta property=\"og:title\" content=\"MEA-1 - Posage \u00e0 \u00e9tirer - Missimi Berney\" \/>\n<meta property=\"og:description\" content=\"Erm\u00f6glicht es, Schrauben oder Stifte in die L\u00f6cher der Leisten zu saugen, bevor sie verleimt werden. 150 Tiefe x140 Breite x120 H\u00f6he F\u00fcr Leiste \u00d890mm\" \/>\n<meta property=\"og:url\" content=\"https:\/\/www.missimi-berney.ch\/special-horlogers\/pa-posage-daspiration\/\" \/>\n<meta property=\"og:site_name\" content=\"Missimi Berney\" \/>\n<meta property=\"article:modified_time\" content=\"2024-10-18T12:36:12+00:00\" \/>\n<meta property=\"og:image\" content=\"https:\/\/www.missimi-berney.ch\/wp-content\/uploads\/2024\/10\/Posage-aspiration-miniature-01-830x830.jpg\" \/>\n<meta name=\"twitter:card\" content=\"summary_large_image\" \/>\n<meta name=\"twitter:label1\" content=\"Gesch\u00e4tzte Lesezeit\">\n\t<meta name=\"twitter:data1\" content=\"1\u00a0Minute\">\n<script type=\"application\/ld+json\" class=\"yoast-schema-graph\">{\"@context\":\"https:\/\/schema.org\",\"@graph\":[{\"@type\":\"WebSite\",\"@id\":\"https:\/\/www.missimi-berney.ch\/#website\",\"url\":\"https:\/\/www.missimi-berney.ch\/\",\"name\":\"Missimi Berney\",\"description\":\"Construction de machines sp\\u00e9ciales et m\\u00e9canique de pr\\u00e9cision\",\"potentialAction\":[{\"@type\":\"SearchAction\",\"target\":\"https:\/\/www.missimi-berney.ch\/?s={search_term_string}\",\"query-input\":\"required name=search_term_string\"}],\"inLanguage\":\"de\"},{\"@type\":\"ImageObject\",\"@id\":\"https:\/\/www.missimi-berney.ch\/special-horlogers\/pa-posage-daspiration\/#primaryimage\",\"inLanguage\":\"de\",\"url\":\"https:\/\/www.missimi-berney.ch\/wp-content\/uploads\/2024\/10\/Posage-aspiration-miniature-01.jpg\",\"width\":1000,\"height\":1000},{\"@type\":\"WebPage\",\"@id\":\"https:\/\/www.missimi-berney.ch\/special-horlogers\/pa-posage-daspiration\/#webpage\",\"url\":\"https:\/\/www.missimi-berney.ch\/special-horlogers\/pa-posage-daspiration\/\",\"name\":\"MEA-1 - Posage \\u00e0 \\u00e9tirer - Missimi Berney\",\"isPartOf\":{\"@id\":\"https:\/\/www.missimi-berney.ch\/#website\"},\"primaryImageOfPage\":{\"@id\":\"https:\/\/www.missimi-berney.ch\/special-horlogers\/pa-posage-daspiration\/#primaryimage\"},\"datePublished\":\"2024-10-17T13:07:02+00:00\",\"dateModified\":\"2024-10-18T12:36:12+00:00\",\"inLanguage\":\"de\",\"potentialAction\":[{\"@type\":\"ReadAction\",\"target\":[\"https:\/\/www.missimi-berney.ch\/special-horlogers\/pa-posage-daspiration\/\"]}]}]}<\/script>\n<!-- \/ Yoast SEO plugin. -->","_links":{"self":[{"href":"https:\/\/www.missimi-berney.ch\/de\/wp-json\/wp\/v2\/pages\/6033","targetHints":{"allow":["GET"]}}],"collection":[{"href":"https:\/\/www.missimi-berney.ch\/de\/wp-json\/wp\/v2\/pages"}],"about":[{"href":"https:\/\/www.missimi-berney.ch\/de\/wp-json\/wp\/v2\/types\/page"}],"author":[{"embeddable":true,"href":"https:\/\/www.missimi-berney.ch\/de\/wp-json\/wp\/v2\/users\/7"}],"replies":[{"embeddable":true,"href":"https:\/\/www.missimi-berney.ch\/de\/wp-json\/wp\/v2\/comments?post=6033"}],"version-history":[{"count":25,"href":"https:\/\/www.missimi-berney.ch\/de\/wp-json\/wp\/v2\/pages\/6033\/revisions"}],"predecessor-version":[{"id":6163,"href":"https:\/\/www.missimi-berney.ch\/de\/wp-json\/wp\/v2\/pages\/6033\/revisions\/6163"}],"up":[{"embeddable":true,"href":"https:\/\/www.missimi-berney.ch\/de\/wp-json\/wp\/v2\/pages\/1971"}],"wp:attachment":[{"href":"https:\/\/www.missimi-berney.ch\/de\/wp-json\/wp\/v2\/media?parent=6033"}],"curies":[{"name":"wp","href":"https:\/\/api.w.org\/{rel}","templated":true}]}}