{"id":52,"date":"2015-09-29T10:34:43","date_gmt":"2015-09-29T09:34:43","guid":{"rendered":"http:\/\/missimi-berney.ch\/?p=52"},"modified":"2024-10-18T13:31:44","modified_gmt":"2024-10-18T12:31:44","slug":"mea-1","status":"publish","type":"page","link":"https:\/\/www.missimi-berney.ch\/de\/mea-1\/","title":{"rendered":"MEA-1 &#8211; Posage \u00e0 \u00e9tirer"},"content":{"rendered":"<p><\/p>\n<h6><b>Posage de pr\u00e9cision \u00e0 \u00e9tirer, destin\u00e9 \u00e0 l\u2019horlogerie<\/b><\/h6>\n<h6><b><img loading=\"lazy\" decoding=\"async\" class=\"wp-image-6154 size-full aligncenter\" src=\"https:\/\/www.missimi-berney.ch\/wp-content\/uploads\/2024\/10\/MEA-1-web.jpg\" alt=\"\" width=\"900\" height=\"600\" srcset=\"https:\/\/www.missimi-berney.ch\/wp-content\/uploads\/2024\/10\/MEA-1-web.jpg 900w, https:\/\/www.missimi-berney.ch\/wp-content\/uploads\/2024\/10\/MEA-1-web-410x273.jpg 410w, https:\/\/www.missimi-berney.ch\/wp-content\/uploads\/2024\/10\/MEA-1-web-830x553.jpg 830w, https:\/\/www.missimi-berney.ch\/wp-content\/uploads\/2024\/10\/MEA-1-web-768x512.jpg 768w\" sizes=\"auto, (max-width: 900px) 100vw, 900px\" \/><\/b><\/h6>\n<p><img loading=\"lazy\" decoding=\"async\" class=\"wp-image-6159 alignnone size-full\" src=\"https:\/\/www.missimi-berney.ch\/wp-content\/uploads\/2024\/10\/Pasted-5.gif\" alt=\"\" width=\"1\" height=\"1\" \/><\/p>\n<p><strong>Dimensions du posage<\/strong><\/p>\n<p>Longueur : 112mm<\/p>\n<p>Largeur : 69, 79 ou 89mm<\/p>\n<p>Hauteur : 50mm en \u00e9tau ou 110mm sur support rigide<\/p>\n<p>Poids : 2.5Kg<\/p>\n<p><strong>Description g\u00e9n\u00e9rale<br \/>\n<\/strong><\/p>\n<ul>\n<li>R\u00e9glable en hauteur<\/li>\n<li>Guide cabron r\u00e9glable en largeur<\/li>\n<li>Mouvement du cabron sur rouleaux tremp\u00e9s sur paliers en bronze lisse ou sur roulements \u00e0 billes<\/li>\n<\/ul>\n<p><a href=\"http:\/\/www.missimi-berney.ch\/wp-content\/uploads\/2017\/03\/MEA-1_fr_20.09.18.pdf\" target=\"_blank\" rel=\"noopener noreferrer\"><u><span style=\"color: #0066cc;\">En savoir plus&#8230;<\/span><\/u><\/a><\/p>\n<p><a href=\"http:\/\/www.missimi-berney.ch\/wp-content\/uploads\/2019\/11\/Materiel-et-fournitures-pour-horlogers-12.11.19.pdf\" target=\"_blank\" rel=\"noopener noreferrer\"><u><span style=\"color: #0066cc;\">Liste du mat\u00e9riel pour horlogers en PDF<\/span><\/u><\/a><\/p>\n<p><img loading=\"lazy\" decoding=\"async\" class=\"wp-image-6155 size-full alignleft\" src=\"https:\/\/www.missimi-berney.ch\/wp-content\/uploads\/2024\/10\/MEA-1-web02.jpg\" alt=\"\" width=\"1024\" height=\"683\" srcset=\"https:\/\/www.missimi-berney.ch\/wp-content\/uploads\/2024\/10\/MEA-1-web02.jpg 1024w, https:\/\/www.missimi-berney.ch\/wp-content\/uploads\/2024\/10\/MEA-1-web02-410x273.jpg 410w, https:\/\/www.missimi-berney.ch\/wp-content\/uploads\/2024\/10\/MEA-1-web02-830x554.jpg 830w, https:\/\/www.missimi-berney.ch\/wp-content\/uploads\/2024\/10\/MEA-1-web02-768x512.jpg 768w\" sizes=\"auto, (max-width: 1024px) 100vw, 1024px\" \/><\/p>","protected":false},"excerpt":{"rendered":"<p>Posage de pr\u00e9cision \u00e0 \u00e9tirer, destin\u00e9 \u00e0 l\u2019horlogerie Dimensions du posage Longueur : 112mm Largeur : 69, 79 ou 89mm Hauteur : 50mm en \u00e9tau ou 110mm sur support rigide Poids : 2.5Kg Description g\u00e9n\u00e9rale R\u00e9glable en hauteur Guide cabron r\u00e9glable en largeur Mouvement du cabron sur rouleaux tremp\u00e9s sur paliers en bronze lisse ou [&hellip;]<\/p>\n","protected":false},"author":1,"featured_media":0,"parent":0,"menu_order":0,"comment_status":"closed","ping_status":"closed","template":"","meta":{"_acf_changed":false,"_seopress_robots_primary_cat":"","_seopress_titles_title":"","_seopress_titles_desc":"","_seopress_robots_index":"","_seopress_analysis_target_kw":"","footnotes":""},"class_list":["post-52","page","type-page","status-publish","hentry"],"acf":[],"yoast_head":"<!-- This site is optimized with the Yoast SEO plugin v15.6.2 - https:\/\/yoast.com\/wordpress\/plugins\/seo\/ -->\n<title>MEA-1 - Posage \u00e0 \u00e9tirer - Missimi Berney<\/title>\n<meta name=\"robots\" content=\"index, follow, max-snippet:-1, max-image-preview:large, max-video-preview:-1\" \/>\n<link rel=\"canonical\" href=\"https:\/\/www.missimi-berney.ch\/mea-1\/\" \/>\n<meta property=\"og:locale\" content=\"de_DE\" \/>\n<meta property=\"og:type\" content=\"article\" \/>\n<meta property=\"og:title\" content=\"MEA-1 - Posage \u00e0 \u00e9tirer - Missimi Berney\" \/>\n<meta property=\"og:description\" content=\"Posage de pr\u00e9cision \u00e0 \u00e9tirer, destin\u00e9 \u00e0 l\u2019horlogerie Dimensions du posage Longueur : 112mm Largeur : 69, 79 ou 89mm Hauteur : 50mm en \u00e9tau ou 110mm sur support rigide Poids : 2.5Kg Description g\u00e9n\u00e9rale R\u00e9glable en hauteur Guide cabron r\u00e9glable en largeur Mouvement du cabron sur rouleaux tremp\u00e9s sur paliers en bronze lisse ou [&hellip;]\" \/>\n<meta property=\"og:url\" content=\"https:\/\/www.missimi-berney.ch\/mea-1\/\" \/>\n<meta property=\"og:site_name\" content=\"Missimi Berney\" \/>\n<meta property=\"article:modified_time\" content=\"2024-10-18T12:31:44+00:00\" \/>\n<meta property=\"og:image\" content=\"https:\/\/www.missimi-berney.ch\/wp-content\/uploads\/2024\/10\/MEA-1-web.jpg\" \/>\n<meta name=\"twitter:card\" content=\"summary_large_image\" \/>\n<meta name=\"twitter:label1\" content=\"Gesch\u00e4tzte Lesezeit\">\n\t<meta name=\"twitter:data1\" content=\"1\u00a0Minute\">\n<script type=\"application\/ld+json\" class=\"yoast-schema-graph\">{\"@context\":\"https:\/\/schema.org\",\"@graph\":[{\"@type\":\"WebSite\",\"@id\":\"https:\/\/www.missimi-berney.ch\/#website\",\"url\":\"https:\/\/www.missimi-berney.ch\/\",\"name\":\"Missimi Berney\",\"description\":\"Construction de machines sp\\u00e9ciales et m\\u00e9canique de pr\\u00e9cision\",\"potentialAction\":[{\"@type\":\"SearchAction\",\"target\":\"https:\/\/www.missimi-berney.ch\/?s={search_term_string}\",\"query-input\":\"required name=search_term_string\"}],\"inLanguage\":\"de\"},{\"@type\":\"ImageObject\",\"@id\":\"https:\/\/www.missimi-berney.ch\/mea-1\/#primaryimage\",\"inLanguage\":\"de\",\"url\":\"https:\/\/www.missimi-berney.ch\/wp-content\/uploads\/2024\/10\/MEA-1-web.jpg\",\"width\":900,\"height\":600},{\"@type\":\"WebPage\",\"@id\":\"https:\/\/www.missimi-berney.ch\/mea-1\/#webpage\",\"url\":\"https:\/\/www.missimi-berney.ch\/mea-1\/\",\"name\":\"MEA-1 - Posage \\u00e0 \\u00e9tirer - Missimi Berney\",\"isPartOf\":{\"@id\":\"https:\/\/www.missimi-berney.ch\/#website\"},\"primaryImageOfPage\":{\"@id\":\"https:\/\/www.missimi-berney.ch\/mea-1\/#primaryimage\"},\"datePublished\":\"2015-09-29T09:34:43+00:00\",\"dateModified\":\"2024-10-18T12:31:44+00:00\",\"inLanguage\":\"de\",\"potentialAction\":[{\"@type\":\"ReadAction\",\"target\":[\"https:\/\/www.missimi-berney.ch\/mea-1\/\"]}]}]}<\/script>\n<!-- \/ Yoast SEO plugin. -->","_links":{"self":[{"href":"https:\/\/www.missimi-berney.ch\/de\/wp-json\/wp\/v2\/pages\/52","targetHints":{"allow":["GET"]}}],"collection":[{"href":"https:\/\/www.missimi-berney.ch\/de\/wp-json\/wp\/v2\/pages"}],"about":[{"href":"https:\/\/www.missimi-berney.ch\/de\/wp-json\/wp\/v2\/types\/page"}],"author":[{"embeddable":true,"href":"https:\/\/www.missimi-berney.ch\/de\/wp-json\/wp\/v2\/users\/1"}],"replies":[{"embeddable":true,"href":"https:\/\/www.missimi-berney.ch\/de\/wp-json\/wp\/v2\/comments?post=52"}],"version-history":[{"count":35,"href":"https:\/\/www.missimi-berney.ch\/de\/wp-json\/wp\/v2\/pages\/52\/revisions"}],"predecessor-version":[{"id":6162,"href":"https:\/\/www.missimi-berney.ch\/de\/wp-json\/wp\/v2\/pages\/52\/revisions\/6162"}],"wp:attachment":[{"href":"https:\/\/www.missimi-berney.ch\/de\/wp-json\/wp\/v2\/media?parent=52"}],"curies":[{"name":"wp","href":"https:\/\/api.w.org\/{rel}","templated":true}]}}