{"id":2925,"date":"2018-09-25T10:35:18","date_gmt":"2018-09-25T09:35:18","guid":{"rendered":"http:\/\/www.missimi-berney.ch\/?p=2925"},"modified":"2024-10-25T09:09:04","modified_gmt":"2024-10-25T08:09:04","slug":"tp1-012","status":"publish","type":"page","link":"https:\/\/www.missimi-berney.ch\/de\/machines\/tp1-012\/","title":{"rendered":"TP1.012 &#8211; Hybride Maschine"},"content":{"rendered":"<p><\/p>\n<h6>Hybride Maschine zum Abschr\u00e4gen und Ziehen konzipiert<\/h6>\n<p style=\"text-align: center;\"><img loading=\"lazy\" decoding=\"async\" class=\"alignnone wp-image-5730 size-full\" src=\"https:\/\/www.missimi-berney.ch\/wp-content\/uploads\/2018\/09\/TP1-012-web.jpg\" alt=\"\" width=\"600\" height=\"589\" srcset=\"https:\/\/www.missimi-berney.ch\/wp-content\/uploads\/2018\/09\/TP1-012-web.jpg 600w, https:\/\/www.missimi-berney.ch\/wp-content\/uploads\/2018\/09\/TP1-012-web-410x402.jpg 410w\" sizes=\"auto, (max-width: 600px) 100vw, 600px\" \/><\/p>\n<h6><\/h6>\n<p><!--more--><\/p>\n<p>Maschinenabmessungen: L: 700mm, B: 550mm, H: 600mm<\/p>\n<p>Gewicht: 50Kg<\/p>\n<p>&nbsp;<\/p>\n<p><strong>Allgemeine Beschreibung<\/strong><\/p>\n<ul>\n<li>Speziell entwickelte Ergonomie<\/li>\n<li>Robuster Sockel<\/li>\n<li>\n<div>Abschr\u00e4gen: Pr\u00e4zisionsspindel<\/div>\n<\/li>\n<li>Zieh: Kurze Welle f\u00fcr eine h\u00f6here Pr\u00e4zision<\/li>\n<li>Geschwindigkeitsregler<\/li>\n<li>\n<div>F\u00fcr die Absaugung ausgestattet<\/div>\n<\/li>\n<li>H\u00f6henverstellung<\/li>\n<\/ul>\n<p><img alt=\"\" border=\"0\" \/><\/p>\n<p>&nbsp;<\/p>\n<p><strong>Zubeh\u00f6r<\/strong><\/p>\n<ul>\n<li><a href=\"http:\/\/www.missimi-berney.ch\/meule-en-bois-en-cuir\/\">Schleifscheiben aus Holz und Leder<\/a><\/li>\n<\/ul>\n<p>&nbsp;<\/p>\n<h6 style=\"text-align: center;\"><a href=\"http:\/\/www.missimi-berney.ch\/wp-content\/uploads\/2024\/PDF\/UK\/Plaquette_TP1.012-Missimi-Berney-UK.pdf\" target=\"_blank\" rel=\"noopener\"><u><span style=\"color: #0066cc;\">PDF-Brosch\u00fcre herunterladen (English version)<\/span><\/u><\/a><\/h6>\n<p style=\"text-align: center;\"><img loading=\"lazy\" decoding=\"async\" class=\"alignnone wp-image-5731 size-full\" src=\"https:\/\/www.missimi-berney.ch\/wp-content\/uploads\/2018\/09\/TP1-12-02.jpg\" alt=\"\" width=\"600\" height=\"400\" srcset=\"https:\/\/www.missimi-berney.ch\/wp-content\/uploads\/2018\/09\/TP1-12-02.jpg 600w, https:\/\/www.missimi-berney.ch\/wp-content\/uploads\/2018\/09\/TP1-12-02-410x273.jpg 410w\" sizes=\"auto, (max-width: 600px) 100vw, 600px\" \/><\/p>\n<p><\/p>","protected":false},"excerpt":{"rendered":"<p>Leider ist der Eintrag nur auf Fran\u00e7ais verf\u00fcgbar.<\/p>\n","protected":false},"author":2,"featured_media":0,"parent":1907,"menu_order":0,"comment_status":"closed","ping_status":"closed","template":"","meta":{"_acf_changed":false,"_seopress_robots_primary_cat":"","_seopress_titles_title":"","_seopress_titles_desc":"","_seopress_robots_index":"","footnotes":""},"class_list":["post-2925","page","type-page","status-publish","hentry"],"acf":[],"yoast_head":"<!-- This site is optimized with the Yoast SEO plugin v15.6.2 - https:\/\/yoast.com\/wordpress\/plugins\/seo\/ -->\n<title>TP1.012 - Hybride Maschine - Missimi Berney<\/title>\n<meta name=\"robots\" content=\"index, follow, max-snippet:-1, max-image-preview:large, max-video-preview:-1\" \/>\n<link rel=\"canonical\" href=\"https:\/\/www.missimi-berney.ch\/machines\/tp1-012\/\" \/>\n<meta property=\"og:locale\" content=\"de_DE\" \/>\n<meta property=\"og:type\" content=\"article\" \/>\n<meta property=\"og:title\" content=\"TP1.012 - Hybride Maschine - Missimi Berney\" \/>\n<meta property=\"og:description\" content=\"Leider ist der Eintrag nur auf Fran\u00e7ais verf\u00fcgbar.\" \/>\n<meta property=\"og:url\" content=\"https:\/\/www.missimi-berney.ch\/machines\/tp1-012\/\" \/>\n<meta property=\"og:site_name\" content=\"Missimi Berney\" \/>\n<meta property=\"article:modified_time\" content=\"2024-10-25T08:09:04+00:00\" \/>\n<meta property=\"og:image\" content=\"https:\/\/www.missimi-berney.ch\/wp-content\/uploads\/2018\/09\/TP1-012-web.jpg\" \/>\n<meta name=\"twitter:card\" content=\"summary_large_image\" \/>\n<meta name=\"twitter:label1\" content=\"Gesch\u00e4tzte Lesezeit\">\n\t<meta name=\"twitter:data1\" content=\"1\u00a0Minute\">\n<script type=\"application\/ld+json\" class=\"yoast-schema-graph\">{\"@context\":\"https:\/\/schema.org\",\"@graph\":[{\"@type\":\"WebSite\",\"@id\":\"https:\/\/www.missimi-berney.ch\/#website\",\"url\":\"https:\/\/www.missimi-berney.ch\/\",\"name\":\"Missimi Berney\",\"description\":\"Construction de machines sp\\u00e9ciales et m\\u00e9canique de pr\\u00e9cision\",\"potentialAction\":[{\"@type\":\"SearchAction\",\"target\":\"https:\/\/www.missimi-berney.ch\/?s={search_term_string}\",\"query-input\":\"required name=search_term_string\"}],\"inLanguage\":\"de\"},{\"@type\":\"ImageObject\",\"@id\":\"https:\/\/www.missimi-berney.ch\/machines\/tp1-012\/#primaryimage\",\"inLanguage\":\"de\",\"url\":\"https:\/\/www.missimi-berney.ch\/wp-content\/uploads\/2018\/09\/TP1-012-web.jpg\",\"width\":600,\"height\":589},{\"@type\":\"WebPage\",\"@id\":\"https:\/\/www.missimi-berney.ch\/machines\/tp1-012\/#webpage\",\"url\":\"https:\/\/www.missimi-berney.ch\/machines\/tp1-012\/\",\"name\":\"TP1.012 - Hybride Maschine - Missimi Berney\",\"isPartOf\":{\"@id\":\"https:\/\/www.missimi-berney.ch\/#website\"},\"primaryImageOfPage\":{\"@id\":\"https:\/\/www.missimi-berney.ch\/machines\/tp1-012\/#primaryimage\"},\"datePublished\":\"2018-09-25T09:35:18+00:00\",\"dateModified\":\"2024-10-25T08:09:04+00:00\",\"inLanguage\":\"de\",\"potentialAction\":[{\"@type\":\"ReadAction\",\"target\":[\"https:\/\/www.missimi-berney.ch\/machines\/tp1-012\/\"]}]}]}<\/script>\n<!-- \/ Yoast SEO plugin. -->","_links":{"self":[{"href":"https:\/\/www.missimi-berney.ch\/de\/wp-json\/wp\/v2\/pages\/2925","targetHints":{"allow":["GET"]}}],"collection":[{"href":"https:\/\/www.missimi-berney.ch\/de\/wp-json\/wp\/v2\/pages"}],"about":[{"href":"https:\/\/www.missimi-berney.ch\/de\/wp-json\/wp\/v2\/types\/page"}],"author":[{"embeddable":true,"href":"https:\/\/www.missimi-berney.ch\/de\/wp-json\/wp\/v2\/users\/2"}],"replies":[{"embeddable":true,"href":"https:\/\/www.missimi-berney.ch\/de\/wp-json\/wp\/v2\/comments?post=2925"}],"version-history":[{"count":13,"href":"https:\/\/www.missimi-berney.ch\/de\/wp-json\/wp\/v2\/pages\/2925\/revisions"}],"predecessor-version":[{"id":6472,"href":"https:\/\/www.missimi-berney.ch\/de\/wp-json\/wp\/v2\/pages\/2925\/revisions\/6472"}],"up":[{"embeddable":true,"href":"https:\/\/www.missimi-berney.ch\/de\/wp-json\/wp\/v2\/pages\/1907"}],"wp:attachment":[{"href":"https:\/\/www.missimi-berney.ch\/de\/wp-json\/wp\/v2\/media?parent=2925"}],"curies":[{"name":"wp","href":"https:\/\/api.w.org\/{rel}","templated":true}]}}