{"id":2412,"date":"2017-03-16T14:29:11","date_gmt":"2017-03-16T13:29:11","guid":{"rendered":"http:\/\/www.missimi-berney.ch\/?p=2412"},"modified":"2024-10-25T08:29:07","modified_gmt":"2024-10-25T07:29:07","slug":"bp8","status":"publish","type":"page","link":"https:\/\/www.missimi-berney.ch\/de\/machines\/bp8\/","title":{"rendered":"BP8 &#8211;  Poliermaschine"},"content":{"rendered":"<p><\/p>\n<h6><b>Hochpr\u00e4zisionsmaschine zum Schleifen, L\u00e4ppen und Polieren von planen Oberfl\u00e4chen<\/b><\/h6>\n<h6><b><img loading=\"lazy\" decoding=\"async\" class=\"wp-image-5653 size-medium aligncenter\" src=\"https:\/\/www.missimi-berney.ch\/wp-content\/uploads\/2017\/03\/BP8-3quart-bd-410x482.png\" alt=\"\" width=\"410\" height=\"482\" srcset=\"https:\/\/www.missimi-berney.ch\/wp-content\/uploads\/2017\/03\/BP8-3quart-bd-410x482.png 410w, https:\/\/www.missimi-berney.ch\/wp-content\/uploads\/2017\/03\/BP8-3quart-bd-830x977.png 830w, https:\/\/www.missimi-berney.ch\/wp-content\/uploads\/2017\/03\/BP8-3quart-bd-768x904.png 768w, https:\/\/www.missimi-berney.ch\/wp-content\/uploads\/2017\/03\/BP8-3quart-bd.png 1144w\" sizes=\"auto, (max-width: 410px) 100vw, 410px\" \/><\/b><\/h6>\n<p>Compax, Korund, Quarz, Keramik, Silizium, Ferrit, Hartmetall, Alnico, Stellite, Spezialst\u00e4hle, Natursteine, alle Metalle<!--more--><\/p>\n<div>\n<p>&nbsp;<\/p>\n<p>Maschinenabmessungen: L: 855 mm B: 1050 mm H: 1950 mm Gewicht: 850 kg<\/p>\n<p>&nbsp;<\/p>\n<\/div>\n<p class=\"p1\"><span class=\"s1\"><b>TECHNISCHE MERKMALE<\/b><\/span><\/p>\n<ul>\n<li class=\"p1\">Geschwei\u00dftes Rahmenbau (Rahmendicke 10 mm, Platte 30 mm)<\/li>\n<li class=\"p1\">Arbeitsk\u00f6pfe auf einem Portal f\u00fcr maximale Steifigkeit montiert<\/li>\n<li class=\"p1\">Unabh\u00e4ngige Einstellung der K\u00f6pfe (Geschwindigkeit, Druck, Rotation, Anschlag: <i>siehe Option<\/i>)<\/li>\n<li class=\"p1\">Einstellbarer Druck von 0 bis 3 Bar<\/li>\n<li class=\"p1\">Einstellbare Peristaltikdosiereinheiten f\u00fcr Abrasiv auf der Steuerung<\/li>\n<li class=\"p1\">Rezeptspeichersystem<\/li>\n<li class=\"p1\">Integrierte, vollst\u00e4ndig programmierbare Schleifradformgebung (gew\u00f6lbt oder flach, Rillentiefe, Rillenabstand, Fase &#8230; )<\/li>\n<li class=\"p1\">Positionierung der K\u00f6pfe je nach Breite der Standardleiste (65; 100 oder 130 mm)<\/li>\n<li class=\"p1\">Automatisches Abstreifsystem f\u00fcr Abdeckungen<\/li>\n<li class=\"p1\">Zentralisierte Schmierung<\/li>\n<li class=\"p1\">Arbeitstisch mit Temperaturregler<\/li>\n<li class=\"p1\">Lichtschranken f\u00fcr Sicherheit<\/li>\n<li class=\"p1\">Integrierter 7-Zoll-Touchscreen<\/li>\n<li class=\"p1\">Absaugd\u00fcse f\u00fcr die Formgebung<\/li>\n<\/ul>\n<p>&nbsp;<\/p>\n<p style=\"text-align: center;\"><a href=\"\/wp-content\/uploads\/2024\/PDF\/UK\/Plaquette_BP8-Missimi-Berney-UK.pdf\" target=\"_blank\" rel=\"noopener\"><u><span style=\"color: #0066cc;\">Laden Sie das PDF herunter<\/span><\/u><\/a><\/p>\n<p>&nbsp;<\/p>\n<h6><b><img loading=\"lazy\" decoding=\"async\" class=\"wp-image-5654 size-medium aligncenter\" src=\"https:\/\/www.missimi-berney.ch\/wp-content\/uploads\/2017\/03\/bp8-laser-410x273.jpg\" alt=\"\" width=\"410\" height=\"273\" srcset=\"https:\/\/www.missimi-berney.ch\/wp-content\/uploads\/2017\/03\/bp8-laser-410x273.jpg 410w, https:\/\/www.missimi-berney.ch\/wp-content\/uploads\/2017\/03\/bp8-laser-830x553.jpg 830w, https:\/\/www.missimi-berney.ch\/wp-content\/uploads\/2017\/03\/bp8-laser-768x512.jpg 768w, https:\/\/www.missimi-berney.ch\/wp-content\/uploads\/2017\/03\/bp8-laser.jpg 1181w\" sizes=\"auto, (max-width: 410px) 100vw, 410px\" \/><\/b><\/h6>\n<p><\/p>","protected":false},"excerpt":{"rendered":"<p>Leider ist der Eintrag nur auf Fran\u00e7ais verf\u00fcgbar.<\/p>\n","protected":false},"author":2,"featured_media":0,"parent":1907,"menu_order":0,"comment_status":"closed","ping_status":"closed","template":"","meta":{"_acf_changed":false,"_seopress_robots_primary_cat":"","_seopress_titles_title":"","_seopress_titles_desc":"","_seopress_robots_index":"","_seopress_analysis_target_kw":"","footnotes":""},"class_list":["post-2412","page","type-page","status-publish","hentry"],"acf":[],"yoast_head":"<!-- This site is optimized with the Yoast SEO plugin v15.6.2 - https:\/\/yoast.com\/wordpress\/plugins\/seo\/ -->\n<title>BP8 - Poliermaschine - Missimi Berney<\/title>\n<meta name=\"robots\" content=\"index, follow, max-snippet:-1, max-image-preview:large, max-video-preview:-1\" \/>\n<link rel=\"canonical\" href=\"https:\/\/www.missimi-berney.ch\/machines\/bp8\/\" \/>\n<meta property=\"og:locale\" content=\"de_DE\" \/>\n<meta property=\"og:type\" content=\"article\" \/>\n<meta property=\"og:title\" content=\"BP8 - Poliermaschine - Missimi Berney\" \/>\n<meta property=\"og:description\" content=\"Leider ist der Eintrag nur auf Fran\u00e7ais verf\u00fcgbar.\" \/>\n<meta property=\"og:url\" content=\"https:\/\/www.missimi-berney.ch\/machines\/bp8\/\" \/>\n<meta property=\"og:site_name\" content=\"Missimi Berney\" \/>\n<meta property=\"article:modified_time\" content=\"2024-10-25T07:29:07+00:00\" \/>\n<meta property=\"og:image\" content=\"https:\/\/www.missimi-berney.ch\/wp-content\/uploads\/2017\/03\/BP8-3quart-bd-410x482.png\" \/>\n<meta name=\"twitter:card\" content=\"summary_large_image\" \/>\n<meta name=\"twitter:label1\" content=\"Gesch\u00e4tzte Lesezeit\">\n\t<meta name=\"twitter:data1\" content=\"2\u00a0Minuten\">\n<script type=\"application\/ld+json\" class=\"yoast-schema-graph\">{\"@context\":\"https:\/\/schema.org\",\"@graph\":[{\"@type\":\"WebSite\",\"@id\":\"https:\/\/www.missimi-berney.ch\/#website\",\"url\":\"https:\/\/www.missimi-berney.ch\/\",\"name\":\"Missimi Berney\",\"description\":\"Construction de machines sp\\u00e9ciales et m\\u00e9canique de pr\\u00e9cision\",\"potentialAction\":[{\"@type\":\"SearchAction\",\"target\":\"https:\/\/www.missimi-berney.ch\/?s={search_term_string}\",\"query-input\":\"required name=search_term_string\"}],\"inLanguage\":\"de\"},{\"@type\":\"ImageObject\",\"@id\":\"https:\/\/www.missimi-berney.ch\/machines\/bp8\/#primaryimage\",\"inLanguage\":\"de\",\"url\":\"https:\/\/www.missimi-berney.ch\/wp-content\/uploads\/2017\/03\/BP8-3quart-bd.png\",\"width\":1144,\"height\":1346},{\"@type\":\"WebPage\",\"@id\":\"https:\/\/www.missimi-berney.ch\/machines\/bp8\/#webpage\",\"url\":\"https:\/\/www.missimi-berney.ch\/machines\/bp8\/\",\"name\":\"BP8 - Poliermaschine - Missimi Berney\",\"isPartOf\":{\"@id\":\"https:\/\/www.missimi-berney.ch\/#website\"},\"primaryImageOfPage\":{\"@id\":\"https:\/\/www.missimi-berney.ch\/machines\/bp8\/#primaryimage\"},\"datePublished\":\"2017-03-16T13:29:11+00:00\",\"dateModified\":\"2024-10-25T07:29:07+00:00\",\"inLanguage\":\"de\",\"potentialAction\":[{\"@type\":\"ReadAction\",\"target\":[\"https:\/\/www.missimi-berney.ch\/machines\/bp8\/\"]}]}]}<\/script>\n<!-- \/ Yoast SEO plugin. -->","_links":{"self":[{"href":"https:\/\/www.missimi-berney.ch\/de\/wp-json\/wp\/v2\/pages\/2412","targetHints":{"allow":["GET"]}}],"collection":[{"href":"https:\/\/www.missimi-berney.ch\/de\/wp-json\/wp\/v2\/pages"}],"about":[{"href":"https:\/\/www.missimi-berney.ch\/de\/wp-json\/wp\/v2\/types\/page"}],"author":[{"embeddable":true,"href":"https:\/\/www.missimi-berney.ch\/de\/wp-json\/wp\/v2\/users\/2"}],"replies":[{"embeddable":true,"href":"https:\/\/www.missimi-berney.ch\/de\/wp-json\/wp\/v2\/comments?post=2412"}],"version-history":[{"count":41,"href":"https:\/\/www.missimi-berney.ch\/de\/wp-json\/wp\/v2\/pages\/2412\/revisions"}],"predecessor-version":[{"id":6465,"href":"https:\/\/www.missimi-berney.ch\/de\/wp-json\/wp\/v2\/pages\/2412\/revisions\/6465"}],"up":[{"embeddable":true,"href":"https:\/\/www.missimi-berney.ch\/de\/wp-json\/wp\/v2\/pages\/1907"}],"wp:attachment":[{"href":"https:\/\/www.missimi-berney.ch\/de\/wp-json\/wp\/v2\/media?parent=2412"}],"curies":[{"name":"wp","href":"https:\/\/api.w.org\/{rel}","templated":true}]}}