{"id":2328,"date":"2017-03-15T16:20:36","date_gmt":"2017-03-15T15:20:36","guid":{"rendered":"http:\/\/www.missimi-berney.ch\/?page_id=2328"},"modified":"2024-10-18T09:48:17","modified_gmt":"2024-10-18T08:48:17","slug":"sous-traitance","status":"publish","type":"page","link":"https:\/\/www.missimi-berney.ch\/de\/sous-traitance\/","title":{"rendered":"Untervergabe"},"content":{"rendered":"<p>[vc_row][vc_column width=&#8221;1\/2&#8243;][vc_column_text]<\/p>\n<h3>Mechanisch<\/h3>\n<p>&nbsp;<\/p>\n<p>\u00dcber 30 Jahre Erfahrung im mechanischen Pr\u00e4zisions-Outsourcing f\u00fcr alle fortschrittlichen Industrien.<\/p>\n<p>Unsere Produktionsabteilung ist in der Lage, alle Arten von Teilen f\u00fcr die Realisierung von Prototypen, mittleren und gro\u00dfen Serien herzustellen. Wir k\u00f6nnen auch Unterbaugruppen und komplette S\u00e4tze liefern.<\/p>\n<p>Wir haben eine Reihe von neuen und innovativen CNC-Maschinen, mit denen wir schnell und umfassend auf die Anforderungen unserer Kunden eingehen k\u00f6nnen.<\/p>\n<p><a href=\"http:\/\/www.missimi-berney.ch\/documents\/Parc_machine_fr.pdf\">Konsultieren Sie unseren Maschinenpark, indem Sie hier klicken<\/a>[\/vc_column_text][\/vc_column][vc_column width=&#8221;1\/2&#8243;][vc_column_text][\/vc_column_text][\/vc_column][\/vc_row][vc_row][vc_column css=&#8221;.vc_custom_1489653492199{margin: 15px !important;border-width: 15px !important;padding: 15px !important;background-color: #f2f2f2 !important;}&#8221;]<div id=\"ult-carousel-154437555469e1cd2ae96b1\" class=\"ult-carousel-wrapper  vc_custom_1489653450573  ult_horizontal\" data-gutter=\"7\" data-rtl=\"false\" ><div class=\"ult-carousel-8472417069e1cd2ae96a8 \" >[vc_single_image image=&#8221;2332&#8243; img_size=&#8221;402&#215;226&#8243; css=&#8221;.vc_custom_1489653413263{margin-top: 0px !important;margin-right: 0px !important;margin-bottom: 0px !important;margin-left: 0px !important;border-top-width: 0px !important;border-right-width: 0px !important;border-bottom-width: 0px !important;border-left-width: 0px !important;padding-top: 0px !important;padding-right: 0px !important;padding-bottom: 0px !important;padding-left: 0px !important;}&#8221;][vc_single_image image=&#8221;2334&#8243; img_size=&#8221;402&#215;226&#8243; css=&#8221;.vc_custom_1489653424170{margin-top: 0px !important;margin-right: 0px !important;margin-bottom: 0px !important;margin-left: 0px !important;border-top-width: 0px !important;border-right-width: 0px !important;border-bottom-width: 0px !important;border-left-width: 0px !important;padding-top: 0px !important;padding-right: 0px !important;padding-bottom: 0px !important;padding-left: 0px !important;}&#8221;][vc_single_image image=&#8221;2335&#8243; img_size=&#8221;402&#215;226&#8243; css=&#8221;.vc_custom_1489653435453{margin-top: 0px !important;margin-right: 0px !important;margin-bottom: 0px !important;margin-left: 0px !important;border-top-width: 0px !important;border-right-width: 0px !important;border-bottom-width: 0px !important;border-left-width: 0px !important;padding-top: 0px !important;padding-right: 0px !important;padding-bottom: 0px !important;padding-left: 0px !important;}&#8221;]<\/div><\/div>            <script type=\"text\/javascript\">\n\t\t\t\tjQuery(document).ready(function($){\n               \t\t$('.ult-carousel-8472417069e1cd2ae96a8').slick({dots: false,autoplaySpeed: 5000,speed: 300,infinite: false,arrows: false,slidesToScroll:3,slidesToShow:3,swipe: true,draggable: true,touchMove: true,responsive: [\n\t\t\t\t\t\t\t{\n\t\t\t\t\t\t\t  breakpoint: 1025,\n\t\t\t\t\t\t\t  settings: {\n\t\t\t\t\t\t\t\tslidesToShow: 3,\n\t\t\t\t\t\t\t\tslidesToScroll: 3,  \n\t\t\t\t\t\t\t  }\n\t\t\t\t\t\t\t},\n\t\t\t\t\t\t\t{\n\t\t\t\t\t\t\t  breakpoint: 769,\n\t\t\t\t\t\t\t  settings: {\n\t\t\t\t\t\t\t\tslidesToShow: 3,\n\t\t\t\t\t\t\t\tslidesToScroll: 3\n\t\t\t\t\t\t\t  }\n\t\t\t\t\t\t\t},\n\t\t\t\t\t\t\t{\n\t\t\t\t\t\t\t  breakpoint: 481,\n\t\t\t\t\t\t\t  settings: {\n\t\t\t\t\t\t\t\tslidesToShow: 3,\n\t\t\t\t\t\t\t\tslidesToScroll: 3\n\t\t\t\t\t\t\t  }\n\t\t\t\t\t\t\t}\n\t\t\t\t\t\t],pauseOnHover: true,\n\t\t\t\t\t\tpauseOnDotsHover: true,customPaging: function(slider, i) {\n                   return '<i type=\"button\" style=\"color:#333333;\" class=\"ultsl-record\" data-role=\"none\"><\/i>';\n                },});\n\t\t\t\t});\n\t\t\t<\/script>\n            [\/vc_column][\/vc_row]<\/p>","protected":false},"excerpt":{"rendered":"<p>[vc_row][vc_column width=&#8221;1\/2&#8243;][vc_column_text] Mechanisch &nbsp; \u00dcber 30 Jahre Erfahrung im mechanischen Pr\u00e4zisions-Outsourcing f\u00fcr alle fortschrittlichen Industrien. Unsere Produktionsabteilung ist in der Lage, alle Arten von Teilen f\u00fcr die Realisierung von Prototypen, mittleren und gro\u00dfen Serien herzustellen. Wir k\u00f6nnen auch Unterbaugruppen und komplette S\u00e4tze liefern. Wir haben eine Reihe von neuen und innovativen CNC-Maschinen, mit denen wir [&hellip;]<\/p>\n","protected":false},"author":2,"featured_media":0,"parent":0,"menu_order":0,"comment_status":"closed","ping_status":"closed","template":"","meta":{"_acf_changed":false,"_seopress_robots_primary_cat":"","_seopress_titles_title":"","_seopress_titles_desc":"","_seopress_robots_index":"","footnotes":""},"class_list":["post-2328","page","type-page","status-publish","hentry"],"acf":[],"yoast_head":"<!-- This site is optimized with the Yoast SEO plugin v15.6.2 - https:\/\/yoast.com\/wordpress\/plugins\/seo\/ -->\n<title>Untervergabe - Missimi Berney<\/title>\n<meta name=\"robots\" content=\"index, follow, max-snippet:-1, max-image-preview:large, max-video-preview:-1\" \/>\n<link rel=\"canonical\" href=\"https:\/\/www.missimi-berney.ch\/sous-traitance\/\" \/>\n<meta property=\"og:locale\" content=\"de_DE\" \/>\n<meta property=\"og:type\" content=\"article\" \/>\n<meta property=\"og:title\" content=\"Untervergabe - Missimi Berney\" \/>\n<meta property=\"og:description\" content=\"[vc_row][vc_column width=&#8221;1\/2&#8243;][vc_column_text] Mechanisch &nbsp; \u00dcber 30 Jahre Erfahrung im mechanischen Pr\u00e4zisions-Outsourcing f\u00fcr alle fortschrittlichen Industrien. Unsere Produktionsabteilung ist in der Lage, alle Arten von Teilen f\u00fcr die Realisierung von Prototypen, mittleren und gro\u00dfen Serien herzustellen. Wir k\u00f6nnen auch Unterbaugruppen und komplette S\u00e4tze liefern. Wir haben eine Reihe von neuen und innovativen CNC-Maschinen, mit denen wir [&hellip;]\" \/>\n<meta property=\"og:url\" content=\"https:\/\/www.missimi-berney.ch\/sous-traitance\/\" \/>\n<meta property=\"og:site_name\" content=\"Missimi Berney\" \/>\n<meta property=\"article:modified_time\" content=\"2024-10-18T08:48:17+00:00\" \/>\n<meta name=\"twitter:card\" content=\"summary_large_image\" \/>\n<meta name=\"twitter:label1\" content=\"Gesch\u00e4tzte Lesezeit\">\n\t<meta name=\"twitter:data1\" content=\"3\u00a0Minuten\">\n<script type=\"application\/ld+json\" class=\"yoast-schema-graph\">{\"@context\":\"https:\/\/schema.org\",\"@graph\":[{\"@type\":\"WebSite\",\"@id\":\"https:\/\/www.missimi-berney.ch\/#website\",\"url\":\"https:\/\/www.missimi-berney.ch\/\",\"name\":\"Missimi Berney\",\"description\":\"Construction de machines sp\\u00e9ciales et m\\u00e9canique de pr\\u00e9cision\",\"potentialAction\":[{\"@type\":\"SearchAction\",\"target\":\"https:\/\/www.missimi-berney.ch\/?s={search_term_string}\",\"query-input\":\"required name=search_term_string\"}],\"inLanguage\":\"de\"},{\"@type\":\"WebPage\",\"@id\":\"https:\/\/www.missimi-berney.ch\/sous-traitance\/#webpage\",\"url\":\"https:\/\/www.missimi-berney.ch\/sous-traitance\/\",\"name\":\"Untervergabe - Missimi Berney\",\"isPartOf\":{\"@id\":\"https:\/\/www.missimi-berney.ch\/#website\"},\"datePublished\":\"2017-03-15T15:20:36+00:00\",\"dateModified\":\"2024-10-18T08:48:17+00:00\",\"inLanguage\":\"de\",\"potentialAction\":[{\"@type\":\"ReadAction\",\"target\":[\"https:\/\/www.missimi-berney.ch\/sous-traitance\/\"]}]}]}<\/script>\n<!-- \/ Yoast SEO plugin. -->","_links":{"self":[{"href":"https:\/\/www.missimi-berney.ch\/de\/wp-json\/wp\/v2\/pages\/2328","targetHints":{"allow":["GET"]}}],"collection":[{"href":"https:\/\/www.missimi-berney.ch\/de\/wp-json\/wp\/v2\/pages"}],"about":[{"href":"https:\/\/www.missimi-berney.ch\/de\/wp-json\/wp\/v2\/types\/page"}],"author":[{"embeddable":true,"href":"https:\/\/www.missimi-berney.ch\/de\/wp-json\/wp\/v2\/users\/2"}],"replies":[{"embeddable":true,"href":"https:\/\/www.missimi-berney.ch\/de\/wp-json\/wp\/v2\/comments?post=2328"}],"version-history":[{"count":17,"href":"https:\/\/www.missimi-berney.ch\/de\/wp-json\/wp\/v2\/pages\/2328\/revisions"}],"predecessor-version":[{"id":6146,"href":"https:\/\/www.missimi-berney.ch\/de\/wp-json\/wp\/v2\/pages\/2328\/revisions\/6146"}],"wp:attachment":[{"href":"https:\/\/www.missimi-berney.ch\/de\/wp-json\/wp\/v2\/media?parent=2328"}],"curies":[{"name":"wp","href":"https:\/\/api.w.org\/{rel}","templated":true}]}}