{"id":23,"date":"2015-09-29T10:07:24","date_gmt":"2015-09-29T09:07:24","guid":{"rendered":"http:\/\/missimi-berney.ch\/?p=23"},"modified":"2024-10-25T08:47:11","modified_gmt":"2024-10-25T07:47:11","slug":"me-machine-a-encoller","status":"publish","type":"page","link":"https:\/\/www.missimi-berney.ch\/de\/machines\/me-machine-a-encoller\/","title":{"rendered":"ME02 &#8211; Klebemaschine"},"content":{"rendered":"<p><\/p>\n<h6>Maschine speziell entwickelt f\u00fcr das Auftragen einer gleichm\u00e4\u00dfigen<br \/>\nSchicht aller Arten von fl\u00fcssigen Klebstoffen auf die Arbeitplatten<\/h6>\n<h6><\/h6>\n<h6><\/h6>\n<h6><img loading=\"lazy\" decoding=\"async\" class=\"wp-image-5704 size-full aligncenter\" src=\"https:\/\/www.missimi-berney.ch\/wp-content\/uploads\/2015\/09\/ME02_2024-3quart-web.jpg\" alt=\"\" width=\"600\" height=\"423\" srcset=\"https:\/\/www.missimi-berney.ch\/wp-content\/uploads\/2015\/09\/ME02_2024-3quart-web.jpg 600w, https:\/\/www.missimi-berney.ch\/wp-content\/uploads\/2015\/09\/ME02_2024-3quart-web-410x289.jpg 410w\" sizes=\"auto, (max-width: 600px) 100vw, 600px\" \/><\/h6>\n<p><!--more--><\/p>\n<p>Maschinenabmessungen: L: 1000mm, B: 500mm, H: 500mm<\/p>\n<p>Gewicht: 80Kg<\/p>\n<p>&nbsp;<\/p>\n<p><strong>Allgemeine Beschreibung<\/strong><\/p>\n<p>\u2022 Stahlgestell<\/p>\n<p>\u2022 Lichtschranke f\u00fcr Sicherheit<\/p>\n<p>\u2022 Automatischer Linearzylinder in X- und Z-Richtung<\/p>\n<p>\u2022 Magnet f\u00fcr Leiste<\/p>\n<p>\u2022 Magnetischer Sensor<\/p>\n<p>\u2022 Motor und Geschwindigkeitsregler<\/p>\n<p>\u2022 Elektrischer Schrank<\/p>\n<p>\u2022 4-Zoll-Touchscreen<\/p>\n<p>\u2022 Programmierbarer Steuerung<\/p>\n<p>\u2022 Kunststoffabdeckung<\/p>\n<h6 style=\"text-align: center;\"><a href=\"http:\/\/www.missimi-berney.ch\/wp-content\/uploads\/2024\/PDF\/UK\/Plaquette_ME02-Missimi-Berney-UK.pdf\" target=\"_blank\" rel=\"noopener\"><u><span style=\"color: #0066cc;\">PDF-Brosch\u00fcre herunterladen (English Version)<\/span><\/u><\/a><\/h6>\n<p>&nbsp;<\/p>\n<p>&nbsp;<\/p>\n<h6><img loading=\"lazy\" decoding=\"async\" class=\"wp-image-5703 size-full aligncenter\" src=\"https:\/\/www.missimi-berney.ch\/wp-content\/uploads\/2015\/09\/ME02-web.jpg\" alt=\"\" width=\"600\" height=\"423\" srcset=\"https:\/\/www.missimi-berney.ch\/wp-content\/uploads\/2015\/09\/ME02-web.jpg 600w, https:\/\/www.missimi-berney.ch\/wp-content\/uploads\/2015\/09\/ME02-web-410x289.jpg 410w\" sizes=\"auto, (max-width: 600px) 100vw, 600px\" \/><\/h6>\n<p>&nbsp;<\/p>\n<p>&nbsp;<\/p>\n<p><iframe loading=\"lazy\" title=\"Encolleuse MA02 - Missimi Berney\" width=\"960\" height=\"540\" src=\"https:\/\/www.youtube.com\/embed\/0guHbC18NAA?feature=oembed\" frameborder=\"0\" allow=\"accelerometer; autoplay; clipboard-write; encrypted-media; gyroscope; picture-in-picture; web-share\" referrerpolicy=\"strict-origin-when-cross-origin\" allowfullscreen><\/iframe><\/p>","protected":false},"excerpt":{"rendered":"<p>Leider ist der Eintrag nur auf Fran\u00e7ais verf\u00fcgbar.<\/p>\n","protected":false},"author":1,"featured_media":0,"parent":1907,"menu_order":0,"comment_status":"closed","ping_status":"closed","template":"","meta":{"_acf_changed":false,"_seopress_robots_primary_cat":"","_seopress_titles_title":"","_seopress_titles_desc":"","_seopress_robots_index":"","footnotes":""},"class_list":["post-23","page","type-page","status-publish","hentry"],"acf":[],"yoast_head":"<!-- This site is optimized with the Yoast SEO plugin v15.6.2 - https:\/\/yoast.com\/wordpress\/plugins\/seo\/ -->\n<title>ME02 - Klebemaschine - Missimi Berney<\/title>\n<meta name=\"robots\" content=\"index, follow, max-snippet:-1, max-image-preview:large, max-video-preview:-1\" \/>\n<link rel=\"canonical\" href=\"https:\/\/www.missimi-berney.ch\/machines\/me-machine-a-encoller\/\" \/>\n<meta property=\"og:locale\" content=\"de_DE\" \/>\n<meta property=\"og:type\" content=\"article\" \/>\n<meta property=\"og:title\" content=\"ME02 - Klebemaschine - Missimi Berney\" \/>\n<meta property=\"og:description\" content=\"Leider ist der Eintrag nur auf Fran\u00e7ais verf\u00fcgbar.\" \/>\n<meta property=\"og:url\" content=\"https:\/\/www.missimi-berney.ch\/machines\/me-machine-a-encoller\/\" \/>\n<meta property=\"og:site_name\" content=\"Missimi Berney\" \/>\n<meta property=\"article:modified_time\" content=\"2024-10-25T07:47:11+00:00\" \/>\n<meta property=\"og:image\" content=\"https:\/\/www.missimi-berney.ch\/wp-content\/uploads\/2015\/09\/ME02_2024-3quart-web.jpg\" \/>\n<meta name=\"twitter:card\" content=\"summary_large_image\" \/>\n<meta name=\"twitter:label1\" content=\"Gesch\u00e4tzte Lesezeit\">\n\t<meta name=\"twitter:data1\" content=\"1\u00a0Minute\">\n<script type=\"application\/ld+json\" class=\"yoast-schema-graph\">{\"@context\":\"https:\/\/schema.org\",\"@graph\":[{\"@type\":\"WebSite\",\"@id\":\"https:\/\/www.missimi-berney.ch\/#website\",\"url\":\"https:\/\/www.missimi-berney.ch\/\",\"name\":\"Missimi Berney\",\"description\":\"Construction de machines sp\\u00e9ciales et m\\u00e9canique de pr\\u00e9cision\",\"potentialAction\":[{\"@type\":\"SearchAction\",\"target\":\"https:\/\/www.missimi-berney.ch\/?s={search_term_string}\",\"query-input\":\"required name=search_term_string\"}],\"inLanguage\":\"de\"},{\"@type\":\"ImageObject\",\"@id\":\"https:\/\/www.missimi-berney.ch\/machines\/me-machine-a-encoller\/#primaryimage\",\"inLanguage\":\"de\",\"url\":\"https:\/\/www.missimi-berney.ch\/wp-content\/uploads\/2015\/09\/ME02_2024-3quart-web.jpg\",\"width\":600,\"height\":423},{\"@type\":\"WebPage\",\"@id\":\"https:\/\/www.missimi-berney.ch\/machines\/me-machine-a-encoller\/#webpage\",\"url\":\"https:\/\/www.missimi-berney.ch\/machines\/me-machine-a-encoller\/\",\"name\":\"ME02 - Klebemaschine - Missimi Berney\",\"isPartOf\":{\"@id\":\"https:\/\/www.missimi-berney.ch\/#website\"},\"primaryImageOfPage\":{\"@id\":\"https:\/\/www.missimi-berney.ch\/machines\/me-machine-a-encoller\/#primaryimage\"},\"datePublished\":\"2015-09-29T09:07:24+00:00\",\"dateModified\":\"2024-10-25T07:47:11+00:00\",\"inLanguage\":\"de\",\"potentialAction\":[{\"@type\":\"ReadAction\",\"target\":[\"https:\/\/www.missimi-berney.ch\/machines\/me-machine-a-encoller\/\"]}]}]}<\/script>\n<!-- \/ Yoast SEO plugin. -->","_links":{"self":[{"href":"https:\/\/www.missimi-berney.ch\/de\/wp-json\/wp\/v2\/pages\/23","targetHints":{"allow":["GET"]}}],"collection":[{"href":"https:\/\/www.missimi-berney.ch\/de\/wp-json\/wp\/v2\/pages"}],"about":[{"href":"https:\/\/www.missimi-berney.ch\/de\/wp-json\/wp\/v2\/types\/page"}],"author":[{"embeddable":true,"href":"https:\/\/www.missimi-berney.ch\/de\/wp-json\/wp\/v2\/users\/1"}],"replies":[{"embeddable":true,"href":"https:\/\/www.missimi-berney.ch\/de\/wp-json\/wp\/v2\/comments?post=23"}],"version-history":[{"count":45,"href":"https:\/\/www.missimi-berney.ch\/de\/wp-json\/wp\/v2\/pages\/23\/revisions"}],"predecessor-version":[{"id":6467,"href":"https:\/\/www.missimi-berney.ch\/de\/wp-json\/wp\/v2\/pages\/23\/revisions\/6467"}],"up":[{"embeddable":true,"href":"https:\/\/www.missimi-berney.ch\/de\/wp-json\/wp\/v2\/pages\/1907"}],"wp:attachment":[{"href":"https:\/\/www.missimi-berney.ch\/de\/wp-json\/wp\/v2\/media?parent=23"}],"curies":[{"name":"wp","href":"https:\/\/api.w.org\/{rel}","templated":true}]}}