{"id":2274,"date":"2017-03-15T11:30:19","date_gmt":"2017-03-15T10:30:19","guid":{"rendered":"http:\/\/www.missimi-berney.ch\/?page_id=2274"},"modified":"2024-10-14T08:26:16","modified_gmt":"2024-10-14T07:26:16","slug":"a-propos","status":"publish","type":"page","link":"https:\/\/www.missimi-berney.ch\/de\/a-propos\/","title":{"rendered":"\u00dcber"},"content":{"rendered":"<p>[vc_row][vc_column width=&#8221;1\/2&#8243;][vc_column_text]<\/p>\n<h3>Geschichte<\/h3>\n<p><strong>1987 :<\/strong> Gr\u00fcndung von MISSIMI durch Herrn Aur\u00e9lio MISSIMI.<br \/>\nGr\u00fcndung einer mechanischen Werkstatt in Le Brassus im Bereich der Lohnbearbeitung f\u00fcr die Uhrenindustrie.<\/p>\n<p><strong>1997 :<\/strong> \u00dcbernahme eines Teiles der Aktivit\u00e4ten von BERNEY MACHINES, wodurch das Unternehmen im Bereich der Konstruktion und Fertigung von Spezialmaschinen breiter aufgestellt wurde.<\/p>\n<p><strong>1999 :<\/strong> Die Firma MISSIMI \u00fcbernimmt den Namen MISSIMI-BERNEY S\u00e0rl und zieht in gr\u00f6\u00dfere R\u00e4umlichkeiten in Le Pont um.[\/vc_column_text][vc_column_text][\/vc_column_text][\/vc_column][vc_column width=&#8221;1\/2&#8243;][vc_single_image image=&#8221;2313&#8243; img_size=&#8221;full&#8221; alignment=&#8221;center&#8221;][\/vc_column][\/vc_row][vc_row gap=&#8221;1&#8243; content_placement=&#8221;middle&#8221; css=&#8221;.vc_custom_1489584611490{border-radius: 2px !important;}&#8221;][vc_column width=&#8221;1\/2&#8243; css=&#8221;.vc_custom_1489583836574{border-radius: 2px !important;}&#8221;][\/vc_column][vc_column width=&#8221;1\/2&#8243;]        \n        <div class=\"item-features   vc_custom_1542187701889\">\n            \n            <span class=\"icon icon-WorldWide\"><\/span>\n                        <div>\n                <h3>Artikel in Swissmecanic ver\u00f6ffentlicht<\/h3>\n<p>Artikel in Swissmechanic Nr. 3\/2008 \u00fcber unsere Gesellschaft ver\u00f6ffentlicht<\/p>\n<p><a href=\"http:\/\/www.missimi-berney.com\/documents\/swissmecanic_03_2008.pdf\" target=\"_blank\" rel=\"noopener\"><u><span style=\"color: #0066cc;\">Klicken Sie hier, um den Artikel im PDF(auf Franz\u00f6sisch)<\/span><\/u><\/a><\/p>\n            <\/div>\n                \n        <\/div> <!-- \/.item-features -->\n        \n        [\/vc_column][\/vc_row]<\/p>","protected":false},"excerpt":{"rendered":"<p>[vc_row][vc_column width=&#8221;1\/2&#8243;][vc_column_text] Geschichte 1987 : Gr\u00fcndung von MISSIMI durch Herrn Aur\u00e9lio MISSIMI. Gr\u00fcndung einer mechanischen Werkstatt in Le Brassus im Bereich der Lohnbearbeitung f\u00fcr die Uhrenindustrie. 1997 : \u00dcbernahme eines Teiles der Aktivit\u00e4ten von BERNEY MACHINES, wodurch das Unternehmen im Bereich der Konstruktion und Fertigung von Spezialmaschinen breiter aufgestellt wurde. 1999 : Die Firma MISSIMI [&hellip;]<\/p>\n","protected":false},"author":2,"featured_media":0,"parent":0,"menu_order":0,"comment_status":"closed","ping_status":"closed","template":"","meta":{"_acf_changed":false,"_seopress_robots_primary_cat":"","_seopress_titles_title":"","_seopress_titles_desc":"","_seopress_robots_index":"","footnotes":""},"class_list":["post-2274","page","type-page","status-publish","hentry"],"acf":[],"yoast_head":"<!-- This site is optimized with the Yoast SEO plugin v15.6.2 - https:\/\/yoast.com\/wordpress\/plugins\/seo\/ -->\n<title>\u00dcber - Missimi Berney<\/title>\n<meta name=\"robots\" content=\"index, follow, max-snippet:-1, max-image-preview:large, max-video-preview:-1\" \/>\n<link rel=\"canonical\" href=\"https:\/\/www.missimi-berney.ch\/a-propos\/\" \/>\n<meta property=\"og:locale\" content=\"de_DE\" \/>\n<meta property=\"og:type\" content=\"article\" \/>\n<meta property=\"og:title\" content=\"\u00dcber - Missimi Berney\" \/>\n<meta property=\"og:description\" content=\"[vc_row][vc_column width=&#8221;1\/2&#8243;][vc_column_text] Geschichte 1987 : Gr\u00fcndung von MISSIMI durch Herrn Aur\u00e9lio MISSIMI. Gr\u00fcndung einer mechanischen Werkstatt in Le Brassus im Bereich der Lohnbearbeitung f\u00fcr die Uhrenindustrie. 1997 : \u00dcbernahme eines Teiles der Aktivit\u00e4ten von BERNEY MACHINES, wodurch das Unternehmen im Bereich der Konstruktion und Fertigung von Spezialmaschinen breiter aufgestellt wurde. 1999 : Die Firma MISSIMI [&hellip;]\" \/>\n<meta property=\"og:url\" content=\"https:\/\/www.missimi-berney.ch\/a-propos\/\" \/>\n<meta property=\"og:site_name\" content=\"Missimi Berney\" \/>\n<meta property=\"article:modified_time\" content=\"2024-10-14T07:26:16+00:00\" \/>\n<meta name=\"twitter:card\" content=\"summary_large_image\" \/>\n<meta name=\"twitter:label1\" content=\"Gesch\u00e4tzte Lesezeit\">\n\t<meta name=\"twitter:data1\" content=\"3\u00a0Minuten\">\n<script type=\"application\/ld+json\" class=\"yoast-schema-graph\">{\"@context\":\"https:\/\/schema.org\",\"@graph\":[{\"@type\":\"WebSite\",\"@id\":\"https:\/\/www.missimi-berney.ch\/#website\",\"url\":\"https:\/\/www.missimi-berney.ch\/\",\"name\":\"Missimi Berney\",\"description\":\"Construction de machines sp\\u00e9ciales et m\\u00e9canique de pr\\u00e9cision\",\"potentialAction\":[{\"@type\":\"SearchAction\",\"target\":\"https:\/\/www.missimi-berney.ch\/?s={search_term_string}\",\"query-input\":\"required name=search_term_string\"}],\"inLanguage\":\"de\"},{\"@type\":\"WebPage\",\"@id\":\"https:\/\/www.missimi-berney.ch\/a-propos\/#webpage\",\"url\":\"https:\/\/www.missimi-berney.ch\/a-propos\/\",\"name\":\"\\u00dcber - Missimi Berney\",\"isPartOf\":{\"@id\":\"https:\/\/www.missimi-berney.ch\/#website\"},\"datePublished\":\"2017-03-15T10:30:19+00:00\",\"dateModified\":\"2024-10-14T07:26:16+00:00\",\"inLanguage\":\"de\",\"potentialAction\":[{\"@type\":\"ReadAction\",\"target\":[\"https:\/\/www.missimi-berney.ch\/a-propos\/\"]}]}]}<\/script>\n<!-- \/ Yoast SEO plugin. -->","_links":{"self":[{"href":"https:\/\/www.missimi-berney.ch\/de\/wp-json\/wp\/v2\/pages\/2274","targetHints":{"allow":["GET"]}}],"collection":[{"href":"https:\/\/www.missimi-berney.ch\/de\/wp-json\/wp\/v2\/pages"}],"about":[{"href":"https:\/\/www.missimi-berney.ch\/de\/wp-json\/wp\/v2\/types\/page"}],"author":[{"embeddable":true,"href":"https:\/\/www.missimi-berney.ch\/de\/wp-json\/wp\/v2\/users\/2"}],"replies":[{"embeddable":true,"href":"https:\/\/www.missimi-berney.ch\/de\/wp-json\/wp\/v2\/comments?post=2274"}],"version-history":[{"count":22,"href":"https:\/\/www.missimi-berney.ch\/de\/wp-json\/wp\/v2\/pages\/2274\/revisions"}],"predecessor-version":[{"id":5844,"href":"https:\/\/www.missimi-berney.ch\/de\/wp-json\/wp\/v2\/pages\/2274\/revisions\/5844"}],"wp:attachment":[{"href":"https:\/\/www.missimi-berney.ch\/de\/wp-json\/wp\/v2\/media?parent=2274"}],"curies":[{"name":"wp","href":"https:\/\/api.w.org\/{rel}","templated":true}]}}