{"id":1741,"date":"2015-04-10T01:51:47","date_gmt":"2015-04-10T00:51:47","guid":{"rendered":"http:\/\/localhost\/myjobs\/042015\/helmets\/?page_id=10"},"modified":"2024-10-18T09:12:40","modified_gmt":"2024-10-18T08:12:40","slug":"home-1","status":"publish","type":"page","link":"https:\/\/www.missimi-berney.ch\/de\/","title":{"rendered":"Willkommen"},"content":{"rendered":"<p>[vc_row][vc_column][vc_column_text]<\/p>\n<h3><\/h3>\n<h3><strong>MISSIMI-BERNEY:<\/strong><\/h3>\n<p><strong>H\u00f6chste Pr\u00e4zision und Zuverl\u00e4ssigkeit seit \u00fcber 50 Jahren im Herzen des Vall\u00e9e de Joux!<\/strong><\/p>\n<p>Berney Machines SA wurde 1963 gegr\u00fcndet und ist historisch im Bereich der Zulieferung f\u00fcr die Uhrenindustrie t\u00e4tig. Wir verf\u00fcgen \u00fcber einen hochmodernen Maschinenpark.<\/p>\n<p>Die Herstellung von Sondermaschinen ist ein Schl\u00fcsselbereich, in dem unser Fachwissen und unsere F\u00e4higkeiten sich st\u00e4ndig weiterentwickeln. Die B\u00fcrsttechniken sowie das Schleifen von Fl\u00e4chen durch Sch\u00e4rfen und Polieren dieser renommierten Maschinen werden mittlerweile weltweit exportiert. Missimi-Berney gew\u00e4hrleistet sowohl die Konstruktion als auch den After-Sales-Service und bietet spezifische technische L\u00f6sungen an.<\/p>\n<p>Schlie\u00dflich haben wir, stets aufmerksam auf unsere Kunden und deren zahlreiche Anfragen, eine Produktreihe entwickelt, die speziell f\u00fcr Uhrmacher konzipiert wurde.[\/vc_column_text][\/vc_column][\/vc_row][vc_row][vc_column]<div class=\"blockquotes blockquotes-style-3  \">\n                    <span class=\"quote-content\">Von der Entwicklung bis hin zur Vor-Ort-Schulung bietet unser Unternehmen eine Reihe von Dienstleistungen, die es Ihnen erm\u00f6glichen, die Effizienz Ihrer Produktion mit Missimi-Berney-Maschinen zu optimieren.\n<\/span>\n                    <span class=\"quote-author\">Vincent Bernhart, Gesch\u00e4ftsf\u00fchrer<\/span>\n                <\/div>[\/vc_column][\/vc_row][vc_row][vc_column][vc_column_text][\/vc_column_text][vc_column_text]<\/p>\n<h3 style=\"text-align: center;\">UNSERE MASCHINEN<\/h3>\n<div class=\"vc_row block-catalogue\">\n        \t<div class=\"vc_row wpb_row vc_inner vc_row-fluid\">\n                            <div class=\"vc_col-sm-4 nbz-col-5\" >\n                \t<a href=\"https:\/\/www.missimi-berney.ch\/de\/machines\/tp1-01\/\">\n                \t\t<img loading=\"lazy\" decoding=\"async\" width=\"410\" height=\"582\" src=\"https:\/\/www.missimi-berney.ch\/wp-content\/uploads\/2024\/10\/05-1-410x582.jpg\" class=\"img-fluid\" alt=\"\" srcset=\"https:\/\/www.missimi-berney.ch\/wp-content\/uploads\/2024\/10\/05-1-410x582.jpg 410w, https:\/\/www.missimi-berney.ch\/wp-content\/uploads\/2024\/10\/05-1-830x1178.jpg 830w, https:\/\/www.missimi-berney.ch\/wp-content\/uploads\/2024\/10\/05-1-768x1090.jpg 768w, https:\/\/www.missimi-berney.ch\/wp-content\/uploads\/2024\/10\/05-1.jpg 902w\" sizes=\"auto, (max-width: 410px) 100vw, 410px\" \/>                \t<\/a>\n                <\/div>\n                \n                            <div class=\"vc_col-sm-4 nbz-col-5\" >\n                \t<a href=\"https:\/\/www.missimi-berney.ch\/de\/machines\/tp1-04\/\">\n                \t\t<img loading=\"lazy\" decoding=\"async\" width=\"410\" height=\"582\" src=\"https:\/\/www.missimi-berney.ch\/wp-content\/uploads\/2024\/10\/06-410x582.jpg\" class=\"img-fluid\" alt=\"\" srcset=\"https:\/\/www.missimi-berney.ch\/wp-content\/uploads\/2024\/10\/06-410x582.jpg 410w, https:\/\/www.missimi-berney.ch\/wp-content\/uploads\/2024\/10\/06-830x1178.jpg 830w, https:\/\/www.missimi-berney.ch\/wp-content\/uploads\/2024\/10\/06-768x1090.jpg 768w, https:\/\/www.missimi-berney.ch\/wp-content\/uploads\/2024\/10\/06.jpg 902w\" sizes=\"auto, (max-width: 410px) 100vw, 410px\" \/>                \t<\/a>\n                <\/div>\n                \n                            <div class=\"vc_col-sm-4 nbz-col-5\" >\n                \t<a href=\"https:\/\/www.missimi-berney.ch\/de\/machines\/tp1-05\/\">\n                \t\t<img loading=\"lazy\" decoding=\"async\" width=\"410\" height=\"582\" src=\"https:\/\/www.missimi-berney.ch\/wp-content\/uploads\/2024\/10\/07-410x582.jpg\" class=\"img-fluid\" alt=\"\" srcset=\"https:\/\/www.missimi-berney.ch\/wp-content\/uploads\/2024\/10\/07-410x582.jpg 410w, https:\/\/www.missimi-berney.ch\/wp-content\/uploads\/2024\/10\/07-830x1178.jpg 830w, https:\/\/www.missimi-berney.ch\/wp-content\/uploads\/2024\/10\/07-768x1090.jpg 768w, https:\/\/www.missimi-berney.ch\/wp-content\/uploads\/2024\/10\/07.jpg 902w\" sizes=\"auto, (max-width: 410px) 100vw, 410px\" \/>                \t<\/a>\n                <\/div>\n                \n                            <div class=\"vc_col-sm-4 nbz-col-5\" >\n                \t<a href=\"https:\/\/www.missimi-berney.ch\/de\/machines\/tp1-012\/\">\n                \t\t<img loading=\"lazy\" decoding=\"async\" width=\"410\" height=\"582\" src=\"https:\/\/www.missimi-berney.ch\/wp-content\/uploads\/2024\/10\/10-410x582.jpg\" class=\"img-fluid\" alt=\"\" srcset=\"https:\/\/www.missimi-berney.ch\/wp-content\/uploads\/2024\/10\/10-410x582.jpg 410w, https:\/\/www.missimi-berney.ch\/wp-content\/uploads\/2024\/10\/10-830x1178.jpg 830w, https:\/\/www.missimi-berney.ch\/wp-content\/uploads\/2024\/10\/10-768x1090.jpg 768w, https:\/\/www.missimi-berney.ch\/wp-content\/uploads\/2024\/10\/10.jpg 902w\" sizes=\"auto, (max-width: 410px) 100vw, 410px\" \/>                \t<\/a>\n                <\/div>\n                \n                            <div class=\"vc_col-sm-4 nbz-col-5\" >\n                \t<a href=\"https:\/\/www.missimi-berney.ch\/de\/machines\/adoucisseuse-rectiligne-ar-02\/\">\n                \t\t<img loading=\"lazy\" decoding=\"async\" width=\"410\" height=\"582\" src=\"https:\/\/www.missimi-berney.ch\/wp-content\/uploads\/2024\/10\/08-410x582.jpg\" class=\"img-fluid\" alt=\"\" srcset=\"https:\/\/www.missimi-berney.ch\/wp-content\/uploads\/2024\/10\/08-410x582.jpg 410w, https:\/\/www.missimi-berney.ch\/wp-content\/uploads\/2024\/10\/08-830x1178.jpg 830w, https:\/\/www.missimi-berney.ch\/wp-content\/uploads\/2024\/10\/08-768x1090.jpg 768w, https:\/\/www.missimi-berney.ch\/wp-content\/uploads\/2024\/10\/08.jpg 902w\" sizes=\"auto, (max-width: 410px) 100vw, 410px\" \/>                \t<\/a>\n                <\/div>\n                \n                            <div class=\"vc_col-sm-4 nbz-col-5\" >\n                \t<a href=\"https:\/\/www.missimi-berney.ch\/de\/machines\/b7x\/\">\n                \t\t<img loading=\"lazy\" decoding=\"async\" width=\"410\" height=\"582\" src=\"https:\/\/www.missimi-berney.ch\/wp-content\/uploads\/2024\/10\/09-410x582.jpg\" class=\"img-fluid\" alt=\"\" srcset=\"https:\/\/www.missimi-berney.ch\/wp-content\/uploads\/2024\/10\/09-410x582.jpg 410w, https:\/\/www.missimi-berney.ch\/wp-content\/uploads\/2024\/10\/09-830x1178.jpg 830w, https:\/\/www.missimi-berney.ch\/wp-content\/uploads\/2024\/10\/09-768x1090.jpg 768w, https:\/\/www.missimi-berney.ch\/wp-content\/uploads\/2024\/10\/09.jpg 902w\" sizes=\"auto, (max-width: 410px) 100vw, 410px\" \/>                \t<\/a>\n                <\/div>\n                \n                            <div class=\"vc_col-sm-4 nbz-col-5\" >\n                \t<a href=\"https:\/\/www.missimi-berney.ch\/de\/machines\/bp6\/\">\n                \t\t<img loading=\"lazy\" decoding=\"async\" width=\"410\" height=\"582\" src=\"https:\/\/www.missimi-berney.ch\/wp-content\/uploads\/2024\/10\/01-410x582.jpg\" class=\"img-fluid\" alt=\"\" srcset=\"https:\/\/www.missimi-berney.ch\/wp-content\/uploads\/2024\/10\/01-410x582.jpg 410w, https:\/\/www.missimi-berney.ch\/wp-content\/uploads\/2024\/10\/01-830x1178.jpg 830w, https:\/\/www.missimi-berney.ch\/wp-content\/uploads\/2024\/10\/01-768x1090.jpg 768w, https:\/\/www.missimi-berney.ch\/wp-content\/uploads\/2024\/10\/01.jpg 902w\" sizes=\"auto, (max-width: 410px) 100vw, 410px\" \/>                \t<\/a>\n                <\/div>\n                \n                            <div class=\"vc_col-sm-4 nbz-col-5\" >\n                \t<a href=\"https:\/\/www.missimi-berney.ch\/de\/machines\/bp8\/\">\n                \t\t<img loading=\"lazy\" decoding=\"async\" width=\"410\" height=\"582\" src=\"https:\/\/www.missimi-berney.ch\/wp-content\/uploads\/2024\/10\/08-1-410x582.jpg\" class=\"img-fluid\" alt=\"\" srcset=\"https:\/\/www.missimi-berney.ch\/wp-content\/uploads\/2024\/10\/08-1-410x582.jpg 410w, https:\/\/www.missimi-berney.ch\/wp-content\/uploads\/2024\/10\/08-1-830x1178.jpg 830w, https:\/\/www.missimi-berney.ch\/wp-content\/uploads\/2024\/10\/08-1-768x1090.jpg 768w, https:\/\/www.missimi-berney.ch\/wp-content\/uploads\/2024\/10\/08-1.jpg 902w\" sizes=\"auto, (max-width: 410px) 100vw, 410px\" \/>                \t<\/a>\n                <\/div>\n                \n                            <div class=\"vc_col-sm-4 nbz-col-5\" >\n                \t<a href=\"https:\/\/www.missimi-berney.ch\/de\/machines\/me-machine-a-encoller\/\">\n                \t\t<img loading=\"lazy\" decoding=\"async\" width=\"410\" height=\"582\" src=\"https:\/\/www.missimi-berney.ch\/wp-content\/uploads\/2024\/10\/03-410x582.jpg\" class=\"img-fluid\" alt=\"\" srcset=\"https:\/\/www.missimi-berney.ch\/wp-content\/uploads\/2024\/10\/03-410x582.jpg 410w, https:\/\/www.missimi-berney.ch\/wp-content\/uploads\/2024\/10\/03-830x1178.jpg 830w, https:\/\/www.missimi-berney.ch\/wp-content\/uploads\/2024\/10\/03-768x1090.jpg 768w, https:\/\/www.missimi-berney.ch\/wp-content\/uploads\/2024\/10\/03.jpg 902w\" sizes=\"auto, (max-width: 410px) 100vw, 410px\" \/>                \t<\/a>\n                <\/div>\n                \n                            <div class=\"vc_col-sm-4 nbz-col-5\" >\n                \t<a href=\"https:\/\/www.missimi-berney.ch\/de\/machines\/pp4-presse-quadruple\/\">\n                \t\t<img loading=\"lazy\" decoding=\"async\" width=\"410\" height=\"582\" src=\"https:\/\/www.missimi-berney.ch\/wp-content\/uploads\/2024\/10\/04-1-410x582.jpg\" class=\"img-fluid\" alt=\"\" srcset=\"https:\/\/www.missimi-berney.ch\/wp-content\/uploads\/2024\/10\/04-1-410x582.jpg 410w, https:\/\/www.missimi-berney.ch\/wp-content\/uploads\/2024\/10\/04-1-830x1178.jpg 830w, https:\/\/www.missimi-berney.ch\/wp-content\/uploads\/2024\/10\/04-1-768x1090.jpg 768w, https:\/\/www.missimi-berney.ch\/wp-content\/uploads\/2024\/10\/04-1.jpg 902w\" sizes=\"auto, (max-width: 410px) 100vw, 410px\" \/>                \t<\/a>\n                <\/div>\n                \n                            <div class=\"vc_col-sm-4 nbz-col-5\" >\n                \t<a href=\"https:\/\/www.missimi-berney.ch\/de\/machines\/mp-01-micro-perceuse\/\">\n                \t\t<img loading=\"lazy\" decoding=\"async\" width=\"410\" height=\"582\" src=\"https:\/\/www.missimi-berney.ch\/wp-content\/uploads\/2024\/10\/Plaquette_MP01-Missimi-Berney_Page_1.jpg\" class=\"img-fluid\" alt=\"\" \/>                \t<\/a>\n                <\/div>\n                \n                            <div class=\"vc_col-sm-4 nbz-col-5\" >\n                \t<a href=\"https:\/\/www.missimi-berney.ch\/de\/machines\/tp1-02\/\">\n                \t\t<img loading=\"lazy\" decoding=\"async\" width=\"410\" height=\"582\" src=\"https:\/\/www.missimi-berney.ch\/wp-content\/uploads\/2024\/10\/Plaquette_TP01.02-Missimi-Berney_Page_1-410x582.jpg\" class=\"img-fluid\" alt=\"\" srcset=\"https:\/\/www.missimi-berney.ch\/wp-content\/uploads\/2024\/10\/Plaquette_TP01.02-Missimi-Berney_Page_1-410x582.jpg 410w, https:\/\/www.missimi-berney.ch\/wp-content\/uploads\/2024\/10\/Plaquette_TP01.02-Missimi-Berney_Page_1-830x1177.jpg 830w, https:\/\/www.missimi-berney.ch\/wp-content\/uploads\/2024\/10\/Plaquette_TP01.02-Missimi-Berney_Page_1-768x1090.jpg 768w, https:\/\/www.missimi-berney.ch\/wp-content\/uploads\/2024\/10\/Plaquette_TP01.02-Missimi-Berney_Page_1-1083x1536.jpg 1083w, https:\/\/www.missimi-berney.ch\/wp-content\/uploads\/2024\/10\/Plaquette_TP01.02-Missimi-Berney_Page_1-1444x2048.jpg 1444w, https:\/\/www.missimi-berney.ch\/wp-content\/uploads\/2024\/10\/Plaquette_TP01.02-Missimi-Berney_Page_1-scaled.jpg 1805w\" sizes=\"auto, (max-width: 410px) 100vw, 410px\" \/>                \t<\/a>\n                <\/div>\n                \n                        <\/div>\n        <\/div>\n        [\/vc_column_text][vc_column_text]<\/p>\n<h3 style=\"text-align: center;\">WAS GIBT\u2019S NEUES?<br \/>\nNeue Poliermaschine BP8<\/h3>\n<p>&nbsp;<\/p>\n<div style=\"text-align: center;\">\n<p><iframe loading=\"lazy\" title=\"BP8 Polisseuse Missimi Berney\" width=\"960\" height=\"540\" src=\"https:\/\/www.youtube.com\/embed\/a-fXLo7a-nk?feature=oembed\" frameborder=\"0\" allow=\"accelerometer; autoplay; clipboard-write; encrypted-media; gyroscope; picture-in-picture; web-share\" referrerpolicy=\"strict-origin-when-cross-origin\" allowfullscreen><\/iframe><\/p>\n<\/div>\n<p>[\/vc_column_text][vc_column_text]<\/p>\n<h3 style=\"text-align: center;\">UHRMACHERWERKZEUGE<br \/>\nNeuheit: Das Saugspannsystem<\/h3>\n<p>&nbsp;<\/p>\n<div style=\"text-align: center;\">\n<p><iframe loading=\"lazy\" title=\"Posage aspiration\" width=\"960\" height=\"540\" src=\"https:\/\/www.youtube.com\/embed\/RORMTBAMWDk?feature=oembed\" frameborder=\"0\" allow=\"accelerometer; autoplay; clipboard-write; encrypted-media; gyroscope; picture-in-picture; web-share\" referrerpolicy=\"strict-origin-when-cross-origin\" allowfullscreen><\/iframe><\/p>\n<\/div>\n<p>[\/vc_column_text][\/vc_column][\/vc_row][vc_row_inner][vc_column_inner][\/vc_column_inner][vc_empty_space][vc_empty_space][\/vc_row_inner][vc_row_inner][vc_column_inner width=&#8221;1\/3&#8243;]        \n                \n                        \n            <div class=\"ts-service service-style-1  \">\n                                \n                <div class=\"ts-service-item\">\n                    <div class=\"ts-inner\">\n                        <img decoding=\"async\" alt=\"Service-img\" src=\"https:\/\/www.missimi-berney.ch\/wp-content\/plugins\/helmets-core\/\/assets\/images\/noimage\/no_image_transparent-540x536.png\" \/>\n                        <div class=\"ts-overlay\" style=\"background-color: rgba(0,0,0,0.8);\">\n                            <div class=\"ts-overlay-middle\">\n                                <div class=\"ts-overlay-content\">\n                                    <span class=\"icon icon-Starship2\"><\/span>\n                                    <h3><a href=\"#\" title=\"Innovation\">Innovation<\/a><\/h3>\n                                    <div class=\"ts-excerpt\">Ma\u00dfgeschneidertes Design, Innovation dank unserer Entwicklungsabteilung.\n<\/div>\n                                                                    <\/div>\n                            <\/div>\n                        <\/div>\n                    <\/div>\n                <\/div><!--\/.ts-service-item-->\n                    \n            <\/div> <!-- \/.ts-service -->\n            \n                    \n                \n                \n                \n                \n                \n                \n                \n        [\/vc_column_inner][vc_column_inner width=&#8221;1\/3&#8243;]        \n                \n                        \n            <div class=\"ts-service service-style-1   vc_custom_1548431867151\">\n                                \n                <div class=\"ts-service-item\">\n                    <div class=\"ts-inner\">\n                        <img decoding=\"async\" alt=\"Service-img\" src=\"https:\/\/www.missimi-berney.ch\/wp-content\/plugins\/helmets-core\/\/assets\/images\/noimage\/no_image_transparent-540x536.png\" \/>\n                        <div class=\"ts-overlay\" style=\"background-color: rgba(0,0,0,0.8);\">\n                            <div class=\"ts-overlay-middle\">\n                                <div class=\"ts-overlay-content\">\n                                    <span class=\"icon icon-Puzzle\"><\/span>\n                                    <h3><a href=\"#\" title=\"Tests\">Tests<\/a><\/h3>\n                                    <div class=\"ts-excerpt\">Tests in unserem Showroom vor dem Kauf Ihrer Maschine.\n<\/div>\n                                                                    <\/div>\n                            <\/div>\n                        <\/div>\n                    <\/div>\n                <\/div><!--\/.ts-service-item-->\n                    \n            <\/div> <!-- \/.ts-service -->\n            \n                    \n                \n                \n                \n                \n                \n                \n                \n        [\/vc_column_inner][vc_column_inner width=&#8221;1\/3&#8243;]        \n                \n                        \n            <div class=\"ts-service service-style-1  \">\n                                \n                <div class=\"ts-service-item\">\n                    <div class=\"ts-inner\">\n                        <img decoding=\"async\" alt=\"Service-img\" src=\"https:\/\/www.missimi-berney.ch\/wp-content\/plugins\/helmets-core\/\/assets\/images\/noimage\/no_image_transparent-540x536.png\" \/>\n                        <div class=\"ts-overlay\" style=\"background-color: rgba(0,0,0,0.8);\">\n                            <div class=\"ts-overlay-middle\">\n                                <div class=\"ts-overlay-content\">\n                                    <span class=\"icon icon-BatteryLow\"><\/span>\n                                    <h3><a href=\"#\" title=\"\u00dcberwachung und Wartung\">\u00dcberwachung und Wartung<\/a><\/h3>\n                                    <div class=\"ts-excerpt\">Wir bieten After-Sales-Service f\u00fcr all unsere Produkte.\n<\/div>\n                                                                    <\/div>\n                            <\/div>\n                        <\/div>\n                    <\/div>\n                <\/div><!--\/.ts-service-item-->\n                    \n            <\/div> <!-- \/.ts-service -->\n            \n                    \n                \n                \n                \n                \n                \n                \n                \n        [\/vc_column_inner][\/vc_row_inner][vc_empty_space][vc_row][vc_column][vc_column_text][\/vc_column_text][\/vc_column][\/vc_row][vc_row][\/vc_row][vc_column width=&#8221;1\/3&#8243;][\/vc_column]<\/p>","protected":false},"excerpt":{"rendered":"<p>[vc_row][vc_column][vc_column_text] MISSIMI-BERNEY: H\u00f6chste Pr\u00e4zision und Zuverl\u00e4ssigkeit seit \u00fcber 50 Jahren im Herzen des Vall\u00e9e de Joux! Berney Machines SA wurde 1963 gegr\u00fcndet und ist historisch im Bereich der Zulieferung f\u00fcr die Uhrenindustrie t\u00e4tig. Wir verf\u00fcgen \u00fcber einen hochmodernen Maschinenpark. Die Herstellung von Sondermaschinen ist ein Schl\u00fcsselbereich, in dem unser Fachwissen und unsere F\u00e4higkeiten sich st\u00e4ndig [&hellip;]<\/p>\n","protected":false},"author":3,"featured_media":5652,"parent":0,"menu_order":1,"comment_status":"closed","ping_status":"closed","template":"","meta":{"_acf_changed":false,"_seopress_robots_primary_cat":"","_seopress_titles_title":"","_seopress_titles_desc":"","_seopress_robots_index":"","footnotes":""},"class_list":["post-1741","page","type-page","status-publish","has-post-thumbnail","hentry"],"acf":[],"yoast_head":"<!-- This site is optimized with the Yoast SEO plugin v15.6.2 - https:\/\/yoast.com\/wordpress\/plugins\/seo\/ -->\n<title>- MISSIMI BERNEY - Fabrication de machines sp\u00e9ciales horlogerie<\/title>\n<meta name=\"description\" content=\"MISSIMI-BERNEY est une soci\u00e9t\u00e9 active dans le domaine de la sous-traitance pour l&#039;industrie horlog\u00e8re, la m\u00e9canique de pr\u00e9cision ainsi que la fabrication de machines sp\u00e9ciales pour l&#039;horlogerie.\" \/>\n<meta name=\"robots\" content=\"index, follow, max-snippet:-1, max-image-preview:large, max-video-preview:-1\" \/>\n<link rel=\"canonical\" href=\"https:\/\/www.missimi-berney.ch\/\" \/>\n<meta property=\"og:locale\" content=\"de_DE\" \/>\n<meta property=\"og:type\" content=\"article\" \/>\n<meta property=\"og:title\" content=\"- MISSIMI BERNEY - Fabrication de machines sp\u00e9ciales horlogerie\" \/>\n<meta property=\"og:description\" content=\"MISSIMI-BERNEY est une soci\u00e9t\u00e9 active dans le domaine de la sous-traitance pour l&#039;industrie horlog\u00e8re, la m\u00e9canique de pr\u00e9cision ainsi que la fabrication de machines sp\u00e9ciales pour l&#039;horlogerie.\" \/>\n<meta property=\"og:url\" content=\"https:\/\/www.missimi-berney.ch\/\" \/>\n<meta property=\"og:site_name\" content=\"Missimi Berney\" \/>\n<meta property=\"article:modified_time\" content=\"2024-10-18T08:12:40+00:00\" \/>\n<meta property=\"og:image\" content=\"https:\/\/www.missimi-berney.ch\/wp-content\/uploads\/2024\/04\/Missimi-Berney_bg.jpg\" \/>\n\t<meta property=\"og:image:width\" content=\"1920\" \/>\n\t<meta property=\"og:image:height\" content=\"1080\" \/>\n<meta name=\"twitter:card\" content=\"summary_large_image\" \/>\n<meta name=\"twitter:label1\" content=\"Gesch\u00e4tzte Lesezeit\">\n\t<meta name=\"twitter:data1\" content=\"2\u00a0Minuten\">\n<script type=\"application\/ld+json\" class=\"yoast-schema-graph\">{\"@context\":\"https:\/\/schema.org\",\"@graph\":[{\"@type\":\"WebSite\",\"@id\":\"https:\/\/www.missimi-berney.ch\/#website\",\"url\":\"https:\/\/www.missimi-berney.ch\/\",\"name\":\"Missimi Berney\",\"description\":\"Construction de machines sp\\u00e9ciales et m\\u00e9canique de pr\\u00e9cision\",\"potentialAction\":[{\"@type\":\"SearchAction\",\"target\":\"https:\/\/www.missimi-berney.ch\/?s={search_term_string}\",\"query-input\":\"required name=search_term_string\"}],\"inLanguage\":\"de\"},{\"@type\":\"ImageObject\",\"@id\":\"https:\/\/www.missimi-berney.ch\/#primaryimage\",\"inLanguage\":\"de\",\"url\":\"https:\/\/www.missimi-berney.ch\/wp-content\/uploads\/2024\/04\/Missimi-Berney_bg.jpg\",\"width\":1920,\"height\":1080},{\"@type\":\"WebPage\",\"@id\":\"https:\/\/www.missimi-berney.ch\/#webpage\",\"url\":\"https:\/\/www.missimi-berney.ch\/\",\"name\":\"- MISSIMI BERNEY - Fabrication de machines sp\\u00e9ciales horlogerie\",\"isPartOf\":{\"@id\":\"https:\/\/www.missimi-berney.ch\/#website\"},\"primaryImageOfPage\":{\"@id\":\"https:\/\/www.missimi-berney.ch\/#primaryimage\"},\"datePublished\":\"2015-04-10T00:51:47+00:00\",\"dateModified\":\"2024-10-18T08:12:40+00:00\",\"description\":\"MISSIMI-BERNEY est une soci\\u00e9t\\u00e9 active dans le domaine de la sous-traitance pour l'industrie horlog\\u00e8re, la m\\u00e9canique de pr\\u00e9cision ainsi que la fabrication de machines sp\\u00e9ciales pour l'horlogerie.\",\"inLanguage\":\"de\",\"potentialAction\":[{\"@type\":\"ReadAction\",\"target\":[\"https:\/\/www.missimi-berney.ch\/\"]}]}]}<\/script>\n<!-- \/ Yoast SEO plugin. -->","_links":{"self":[{"href":"https:\/\/www.missimi-berney.ch\/de\/wp-json\/wp\/v2\/pages\/1741","targetHints":{"allow":["GET"]}}],"collection":[{"href":"https:\/\/www.missimi-berney.ch\/de\/wp-json\/wp\/v2\/pages"}],"about":[{"href":"https:\/\/www.missimi-berney.ch\/de\/wp-json\/wp\/v2\/types\/page"}],"author":[{"embeddable":true,"href":"https:\/\/www.missimi-berney.ch\/de\/wp-json\/wp\/v2\/users\/3"}],"replies":[{"embeddable":true,"href":"https:\/\/www.missimi-berney.ch\/de\/wp-json\/wp\/v2\/comments?post=1741"}],"version-history":[{"count":181,"href":"https:\/\/www.missimi-berney.ch\/de\/wp-json\/wp\/v2\/pages\/1741\/revisions"}],"predecessor-version":[{"id":6138,"href":"https:\/\/www.missimi-berney.ch\/de\/wp-json\/wp\/v2\/pages\/1741\/revisions\/6138"}],"wp:featuredmedia":[{"embeddable":true,"href":"https:\/\/www.missimi-berney.ch\/de\/wp-json\/wp\/v2\/media\/5652"}],"wp:attachment":[{"href":"https:\/\/www.missimi-berney.ch\/de\/wp-json\/wp\/v2\/media?parent=1741"}],"curies":[{"name":"wp","href":"https:\/\/api.w.org\/{rel}","templated":true}]}}